{"id":2422,"date":"2017-11-08T10:57:53","date_gmt":"2017-11-08T09:57:53","guid":{"rendered":"https:\/\/vsbyggskruv.se\/turbo-spanskruv\/"},"modified":"2023-02-21T14:49:39","modified_gmt":"2023-02-21T13:49:39","slug":"turbo-spanskruv","status":"publish","type":"page","link":"https:\/\/vsbyggskruv.se\/en\/our-brands\/turbo-spanskruv\/","title":{"rendered":"Turbo Sp\u00e5nskruv"},"content":{"rendered":"<h2>The Turbo sp\u00e5nskruv geometry is unique.<\/h2>\n<p>Sharp tip and threads adapted for anchoring in the wood. The threads grip immediately and tighten the screw to the chipboard, while the grooves underneath the head sink the screw. The unique tightening features of the screw have been achieved by providing the screw with a cutting drill tip, as well as with oblique and longitudinal flanks between the threads.<\/p>\n<p>This provides the following properties:<\/p>\n<ul class=\"thin\">\n<li>Less risk of cracks in wood<\/li>\n<li>Lower torque when tightening<\/li>\n<li>Less screwing time<\/li>\n<\/ul>\n","protected":false},"excerpt":{"rendered":"<p>The Turbo sp\u00e5nskruv geometry is unique. Sharp tip and threads adapted for anchoring in the wood. The threads grip immediately and tighten the screw to the chipboard, while the grooves [&hellip;]<\/p>\n","protected":false},"author":1,"featured_media":0,"parent":2423,"menu_order":0,"comment_status":"closed","ping_status":"closed","template":"page-tpl-byggladan.php","meta":{"footnotes":""},"acf":[],"yoast_head":"<!-- This site is optimized with the Yoast SEO plugin v21.9.1 - https:\/\/yoast.com\/wordpress\/plugins\/seo\/ -->\n<title>Turbo Sp\u00e5nskruv - V\u00e4stsvensk Byggskruv<\/title>\n<meta name=\"robots\" content=\"index, follow, max-snippet:-1, max-image-preview:large, max-video-preview:-1\" \/>\n<link rel=\"canonical\" href=\"https:\/\/vsbyggskruv.se\/en\/our-brands\/turbo-spanskruv\/\" \/>\n<meta property=\"og:locale\" content=\"en_US\" \/>\n<meta property=\"og:type\" content=\"article\" \/>\n<meta property=\"og:title\" content=\"Turbo Sp\u00e5nskruv - V\u00e4stsvensk Byggskruv\" \/>\n<meta property=\"og:description\" content=\"The Turbo sp\u00e5nskruv geometry is unique. Sharp tip and threads adapted for anchoring in the wood. The threads grip immediately and tighten the screw to the chipboard, while the grooves [&hellip;]\" \/>\n<meta property=\"og:url\" content=\"https:\/\/vsbyggskruv.se\/en\/our-brands\/turbo-spanskruv\/\" \/>\n<meta property=\"og:site_name\" content=\"V\u00e4stsvensk Byggskruv\" \/>\n<meta property=\"article:modified_time\" content=\"2023-02-21T13:49:39+00:00\" \/>\n<meta name=\"twitter:card\" content=\"summary_large_image\" \/>\n<meta name=\"twitter:label1\" content=\"Est. reading time\" \/>\n\t<meta name=\"twitter:data1\" content=\"1 minute\" \/>\n<script type=\"application\/ld+json\" class=\"yoast-schema-graph\">{\"@context\":\"https:\/\/schema.org\",\"@graph\":[{\"@type\":\"WebPage\",\"@id\":\"https:\/\/vsbyggskruv.se\/en\/our-brands\/turbo-spanskruv\/\",\"url\":\"https:\/\/vsbyggskruv.se\/en\/our-brands\/turbo-spanskruv\/\",\"name\":\"Turbo Sp\u00e5nskruv - V\u00e4stsvensk Byggskruv\",\"isPartOf\":{\"@id\":\"https:\/\/vsbyggskruv.se\/en\/#website\"},\"datePublished\":\"2017-11-08T09:57:53+00:00\",\"dateModified\":\"2023-02-21T13:49:39+00:00\",\"breadcrumb\":{\"@id\":\"https:\/\/vsbyggskruv.se\/en\/our-brands\/turbo-spanskruv\/#breadcrumb\"},\"inLanguage\":\"en-US\",\"potentialAction\":[{\"@type\":\"ReadAction\",\"target\":[\"https:\/\/vsbyggskruv.se\/en\/our-brands\/turbo-spanskruv\/\"]}]},{\"@type\":\"BreadcrumbList\",\"@id\":\"https:\/\/vsbyggskruv.se\/en\/our-brands\/turbo-spanskruv\/#breadcrumb\",\"itemListElement\":[{\"@type\":\"ListItem\",\"position\":1,\"name\":\"VSB\",\"item\":\"https:\/\/vsbyggskruv.se\/en\/\"},{\"@type\":\"ListItem\",\"position\":2,\"name\":\"Our Brands\",\"item\":\"https:\/\/vsbyggskruv.se\/en\/our-brands\/\"},{\"@type\":\"ListItem\",\"position\":3,\"name\":\"Turbo Sp\u00e5nskruv\"}]},{\"@type\":\"WebSite\",\"@id\":\"https:\/\/vsbyggskruv.se\/en\/#website\",\"url\":\"https:\/\/vsbyggskruv.se\/en\/\",\"name\":\"V\u00e4stsvensk Byggskruv\",\"description\":\"V\u00e4stsvensk Byggskruv specializes in screw and attachments\",\"publisher\":{\"@id\":\"https:\/\/vsbyggskruv.se\/en\/#organization\"},\"potentialAction\":[{\"@type\":\"SearchAction\",\"target\":{\"@type\":\"EntryPoint\",\"urlTemplate\":\"https:\/\/vsbyggskruv.se\/en\/?s={search_term_string}\"},\"query-input\":\"required name=search_term_string\"}],\"inLanguage\":\"en-US\"},{\"@type\":\"Organization\",\"@id\":\"https:\/\/vsbyggskruv.se\/en\/#organization\",\"name\":\"V\u00e4stsvensk Byggskruv AB\",\"url\":\"https:\/\/vsbyggskruv.se\/en\/\",\"logo\":{\"@type\":\"ImageObject\",\"inLanguage\":\"en-US\",\"@id\":\"https:\/\/vsbyggskruv.se\/en\/#\/schema\/logo\/image\/\",\"url\":\"https:\/\/vsbyggskruv.se\/wp-content\/uploads\/2017\/05\/logo.png\",\"contentUrl\":\"https:\/\/vsbyggskruv.se\/wp-content\/uploads\/2017\/05\/logo.png\",\"width\":174,\"height\":75,\"caption\":\"V\u00e4stsvensk Byggskruv AB\"},\"image\":{\"@id\":\"https:\/\/vsbyggskruv.se\/en\/#\/schema\/logo\/image\/\"}}]}<\/script>\n<!-- \/ Yoast SEO plugin. -->","yoast_head_json":{"title":"Turbo Sp\u00e5nskruv - V\u00e4stsvensk Byggskruv","robots":{"index":"index","follow":"follow","max-snippet":"max-snippet:-1","max-image-preview":"max-image-preview:large","max-video-preview":"max-video-preview:-1"},"canonical":"https:\/\/vsbyggskruv.se\/en\/our-brands\/turbo-spanskruv\/","og_locale":"en_US","og_type":"article","og_title":"Turbo Sp\u00e5nskruv - V\u00e4stsvensk Byggskruv","og_description":"The Turbo sp\u00e5nskruv geometry is unique. Sharp tip and threads adapted for anchoring in the wood. The threads grip immediately and tighten the screw to the chipboard, while the grooves [&hellip;]","og_url":"https:\/\/vsbyggskruv.se\/en\/our-brands\/turbo-spanskruv\/","og_site_name":"V\u00e4stsvensk Byggskruv","article_modified_time":"2023-02-21T13:49:39+00:00","twitter_card":"summary_large_image","twitter_misc":{"Est. reading time":"1 minute"},"schema":{"@context":"https:\/\/schema.org","@graph":[{"@type":"WebPage","@id":"https:\/\/vsbyggskruv.se\/en\/our-brands\/turbo-spanskruv\/","url":"https:\/\/vsbyggskruv.se\/en\/our-brands\/turbo-spanskruv\/","name":"Turbo Sp\u00e5nskruv - V\u00e4stsvensk Byggskruv","isPartOf":{"@id":"https:\/\/vsbyggskruv.se\/en\/#website"},"datePublished":"2017-11-08T09:57:53+00:00","dateModified":"2023-02-21T13:49:39+00:00","breadcrumb":{"@id":"https:\/\/vsbyggskruv.se\/en\/our-brands\/turbo-spanskruv\/#breadcrumb"},"inLanguage":"en-US","potentialAction":[{"@type":"ReadAction","target":["https:\/\/vsbyggskruv.se\/en\/our-brands\/turbo-spanskruv\/"]}]},{"@type":"BreadcrumbList","@id":"https:\/\/vsbyggskruv.se\/en\/our-brands\/turbo-spanskruv\/#breadcrumb","itemListElement":[{"@type":"ListItem","position":1,"name":"VSB","item":"https:\/\/vsbyggskruv.se\/en\/"},{"@type":"ListItem","position":2,"name":"Our Brands","item":"https:\/\/vsbyggskruv.se\/en\/our-brands\/"},{"@type":"ListItem","position":3,"name":"Turbo Sp\u00e5nskruv"}]},{"@type":"WebSite","@id":"https:\/\/vsbyggskruv.se\/en\/#website","url":"https:\/\/vsbyggskruv.se\/en\/","name":"V\u00e4stsvensk Byggskruv","description":"V\u00e4stsvensk Byggskruv specializes in screw and attachments","publisher":{"@id":"https:\/\/vsbyggskruv.se\/en\/#organization"},"potentialAction":[{"@type":"SearchAction","target":{"@type":"EntryPoint","urlTemplate":"https:\/\/vsbyggskruv.se\/en\/?s={search_term_string}"},"query-input":"required name=search_term_string"}],"inLanguage":"en-US"},{"@type":"Organization","@id":"https:\/\/vsbyggskruv.se\/en\/#organization","name":"V\u00e4stsvensk Byggskruv AB","url":"https:\/\/vsbyggskruv.se\/en\/","logo":{"@type":"ImageObject","inLanguage":"en-US","@id":"https:\/\/vsbyggskruv.se\/en\/#\/schema\/logo\/image\/","url":"https:\/\/vsbyggskruv.se\/wp-content\/uploads\/2017\/05\/logo.png","contentUrl":"https:\/\/vsbyggskruv.se\/wp-content\/uploads\/2017\/05\/logo.png","width":174,"height":75,"caption":"V\u00e4stsvensk Byggskruv AB"},"image":{"@id":"https:\/\/vsbyggskruv.se\/en\/#\/schema\/logo\/image\/"}}]}},"_links":{"self":[{"href":"https:\/\/vsbyggskruv.se\/en\/wp-json\/wp\/v2\/pages\/2422"}],"collection":[{"href":"https:\/\/vsbyggskruv.se\/en\/wp-json\/wp\/v2\/pages"}],"about":[{"href":"https:\/\/vsbyggskruv.se\/en\/wp-json\/wp\/v2\/types\/page"}],"author":[{"embeddable":true,"href":"https:\/\/vsbyggskruv.se\/en\/wp-json\/wp\/v2\/users\/1"}],"replies":[{"embeddable":true,"href":"https:\/\/vsbyggskruv.se\/en\/wp-json\/wp\/v2\/comments?post=2422"}],"version-history":[{"count":7,"href":"https:\/\/vsbyggskruv.se\/en\/wp-json\/wp\/v2\/pages\/2422\/revisions"}],"predecessor-version":[{"id":7545,"href":"https:\/\/vsbyggskruv.se\/en\/wp-json\/wp\/v2\/pages\/2422\/revisions\/7545"}],"up":[{"embeddable":true,"href":"https:\/\/vsbyggskruv.se\/en\/wp-json\/wp\/v2\/pages\/2423"}],"wp:attachment":[{"href":"https:\/\/vsbyggskruv.se\/en\/wp-json\/wp\/v2\/media?parent=2422"}],"curies":[{"name":"wp","href":"https:\/\/api.w.org\/{rel}","templated":true}]}}