{"id":2433,"date":"2017-06-15T10:50:52","date_gmt":"2017-06-15T08:50:52","guid":{"rendered":"https:\/\/vsbyggskruv.se\/varumarken\/byggladan\/"},"modified":"2023-11-16T15:24:26","modified_gmt":"2023-11-16T14:24:26","slug":"byggladan","status":"publish","type":"page","link":"https:\/\/vsbyggskruv.se\/en\/our-brands\/byggladan\/","title":{"rendered":"Byggl\u00e5dan"},"content":{"rendered":"<h2>The Byggl\u00e5dan is a storage box designed and tailored to work together with VSB&#8217;s entire product range within attachments.<\/h2>\n<p>The Byggl\u00e5dan\u2019s intelligent design, and the overview it provides, makes the craftsman\u2019s daily work so much easier. Thanks to the robust carrying handle, secure locking system and practical side handles, the box is easy to transport and store. The fact that you pack the Byggl\u00e5dan yourself with the range that your work requires means you never risk being without an attachment. You save both time and reduce unnecessary irritation. With a better overview, you have an orderly product range which means you avoid having the wrong set of screws when the work is to be completed.<\/p>\n","protected":false},"excerpt":{"rendered":"<p>The Byggl\u00e5dan is a storage box designed and tailored to work together with VSB&#8217;s entire product range within attachments. The Byggl\u00e5dan\u2019s intelligent design, and the overview it provides, makes the [&hellip;]<\/p>\n","protected":false},"author":1,"featured_media":0,"parent":2423,"menu_order":0,"comment_status":"closed","ping_status":"closed","template":"page-tpl-byggladan.php","meta":{"footnotes":""},"acf":[],"yoast_head":"<!-- This site is optimized with the Yoast SEO plugin v21.9.1 - https:\/\/yoast.com\/wordpress\/plugins\/seo\/ -->\n<title>Byggl\u00e5dan - V\u00e4stsvensk Byggskruv<\/title>\n<meta name=\"robots\" content=\"index, follow, max-snippet:-1, max-image-preview:large, max-video-preview:-1\" \/>\n<link rel=\"canonical\" href=\"https:\/\/vsbyggskruv.se\/en\/our-brands\/byggladan\/\" \/>\n<meta property=\"og:locale\" content=\"en_US\" \/>\n<meta property=\"og:type\" content=\"article\" \/>\n<meta property=\"og:title\" content=\"Byggl\u00e5dan - V\u00e4stsvensk Byggskruv\" \/>\n<meta property=\"og:description\" content=\"The Byggl\u00e5dan is a storage box designed and tailored to work together with VSB&#8217;s entire product range within attachments. The Byggl\u00e5dan\u2019s intelligent design, and the overview it provides, makes the [&hellip;]\" \/>\n<meta property=\"og:url\" content=\"https:\/\/vsbyggskruv.se\/en\/our-brands\/byggladan\/\" \/>\n<meta property=\"og:site_name\" content=\"V\u00e4stsvensk Byggskruv\" \/>\n<meta property=\"article:modified_time\" content=\"2023-11-16T14:24:26+00:00\" \/>\n<meta name=\"twitter:card\" content=\"summary_large_image\" \/>\n<meta name=\"twitter:label1\" content=\"Est. reading time\" \/>\n\t<meta name=\"twitter:data1\" content=\"1 minute\" \/>\n<script type=\"application\/ld+json\" class=\"yoast-schema-graph\">{\"@context\":\"https:\/\/schema.org\",\"@graph\":[{\"@type\":\"WebPage\",\"@id\":\"https:\/\/vsbyggskruv.se\/en\/our-brands\/byggladan\/\",\"url\":\"https:\/\/vsbyggskruv.se\/en\/our-brands\/byggladan\/\",\"name\":\"Byggl\u00e5dan - V\u00e4stsvensk Byggskruv\",\"isPartOf\":{\"@id\":\"https:\/\/vsbyggskruv.se\/en\/#website\"},\"datePublished\":\"2017-06-15T08:50:52+00:00\",\"dateModified\":\"2023-11-16T14:24:26+00:00\",\"breadcrumb\":{\"@id\":\"https:\/\/vsbyggskruv.se\/en\/our-brands\/byggladan\/#breadcrumb\"},\"inLanguage\":\"en-US\",\"potentialAction\":[{\"@type\":\"ReadAction\",\"target\":[\"https:\/\/vsbyggskruv.se\/en\/our-brands\/byggladan\/\"]}]},{\"@type\":\"BreadcrumbList\",\"@id\":\"https:\/\/vsbyggskruv.se\/en\/our-brands\/byggladan\/#breadcrumb\",\"itemListElement\":[{\"@type\":\"ListItem\",\"position\":1,\"name\":\"VSB\",\"item\":\"https:\/\/vsbyggskruv.se\/en\/\"},{\"@type\":\"ListItem\",\"position\":2,\"name\":\"Our Brands\",\"item\":\"https:\/\/vsbyggskruv.se\/en\/our-brands\/\"},{\"@type\":\"ListItem\",\"position\":3,\"name\":\"Byggl\u00e5dan\"}]},{\"@type\":\"WebSite\",\"@id\":\"https:\/\/vsbyggskruv.se\/en\/#website\",\"url\":\"https:\/\/vsbyggskruv.se\/en\/\",\"name\":\"V\u00e4stsvensk Byggskruv\",\"description\":\"V\u00e4stsvensk Byggskruv specializes in screw and attachments\",\"publisher\":{\"@id\":\"https:\/\/vsbyggskruv.se\/en\/#organization\"},\"potentialAction\":[{\"@type\":\"SearchAction\",\"target\":{\"@type\":\"EntryPoint\",\"urlTemplate\":\"https:\/\/vsbyggskruv.se\/en\/?s={search_term_string}\"},\"query-input\":\"required name=search_term_string\"}],\"inLanguage\":\"en-US\"},{\"@type\":\"Organization\",\"@id\":\"https:\/\/vsbyggskruv.se\/en\/#organization\",\"name\":\"V\u00e4stsvensk Byggskruv AB\",\"url\":\"https:\/\/vsbyggskruv.se\/en\/\",\"logo\":{\"@type\":\"ImageObject\",\"inLanguage\":\"en-US\",\"@id\":\"https:\/\/vsbyggskruv.se\/en\/#\/schema\/logo\/image\/\",\"url\":\"https:\/\/vsbyggskruv.se\/wp-content\/uploads\/2017\/05\/logo.png\",\"contentUrl\":\"https:\/\/vsbyggskruv.se\/wp-content\/uploads\/2017\/05\/logo.png\",\"width\":174,\"height\":75,\"caption\":\"V\u00e4stsvensk Byggskruv AB\"},\"image\":{\"@id\":\"https:\/\/vsbyggskruv.se\/en\/#\/schema\/logo\/image\/\"}}]}<\/script>\n<!-- \/ Yoast SEO plugin. -->","yoast_head_json":{"title":"Byggl\u00e5dan - V\u00e4stsvensk Byggskruv","robots":{"index":"index","follow":"follow","max-snippet":"max-snippet:-1","max-image-preview":"max-image-preview:large","max-video-preview":"max-video-preview:-1"},"canonical":"https:\/\/vsbyggskruv.se\/en\/our-brands\/byggladan\/","og_locale":"en_US","og_type":"article","og_title":"Byggl\u00e5dan - V\u00e4stsvensk Byggskruv","og_description":"The Byggl\u00e5dan is a storage box designed and tailored to work together with VSB&#8217;s entire product range within attachments. The Byggl\u00e5dan\u2019s intelligent design, and the overview it provides, makes the [&hellip;]","og_url":"https:\/\/vsbyggskruv.se\/en\/our-brands\/byggladan\/","og_site_name":"V\u00e4stsvensk Byggskruv","article_modified_time":"2023-11-16T14:24:26+00:00","twitter_card":"summary_large_image","twitter_misc":{"Est. reading time":"1 minute"},"schema":{"@context":"https:\/\/schema.org","@graph":[{"@type":"WebPage","@id":"https:\/\/vsbyggskruv.se\/en\/our-brands\/byggladan\/","url":"https:\/\/vsbyggskruv.se\/en\/our-brands\/byggladan\/","name":"Byggl\u00e5dan - V\u00e4stsvensk Byggskruv","isPartOf":{"@id":"https:\/\/vsbyggskruv.se\/en\/#website"},"datePublished":"2017-06-15T08:50:52+00:00","dateModified":"2023-11-16T14:24:26+00:00","breadcrumb":{"@id":"https:\/\/vsbyggskruv.se\/en\/our-brands\/byggladan\/#breadcrumb"},"inLanguage":"en-US","potentialAction":[{"@type":"ReadAction","target":["https:\/\/vsbyggskruv.se\/en\/our-brands\/byggladan\/"]}]},{"@type":"BreadcrumbList","@id":"https:\/\/vsbyggskruv.se\/en\/our-brands\/byggladan\/#breadcrumb","itemListElement":[{"@type":"ListItem","position":1,"name":"VSB","item":"https:\/\/vsbyggskruv.se\/en\/"},{"@type":"ListItem","position":2,"name":"Our Brands","item":"https:\/\/vsbyggskruv.se\/en\/our-brands\/"},{"@type":"ListItem","position":3,"name":"Byggl\u00e5dan"}]},{"@type":"WebSite","@id":"https:\/\/vsbyggskruv.se\/en\/#website","url":"https:\/\/vsbyggskruv.se\/en\/","name":"V\u00e4stsvensk Byggskruv","description":"V\u00e4stsvensk Byggskruv specializes in screw and attachments","publisher":{"@id":"https:\/\/vsbyggskruv.se\/en\/#organization"},"potentialAction":[{"@type":"SearchAction","target":{"@type":"EntryPoint","urlTemplate":"https:\/\/vsbyggskruv.se\/en\/?s={search_term_string}"},"query-input":"required name=search_term_string"}],"inLanguage":"en-US"},{"@type":"Organization","@id":"https:\/\/vsbyggskruv.se\/en\/#organization","name":"V\u00e4stsvensk Byggskruv AB","url":"https:\/\/vsbyggskruv.se\/en\/","logo":{"@type":"ImageObject","inLanguage":"en-US","@id":"https:\/\/vsbyggskruv.se\/en\/#\/schema\/logo\/image\/","url":"https:\/\/vsbyggskruv.se\/wp-content\/uploads\/2017\/05\/logo.png","contentUrl":"https:\/\/vsbyggskruv.se\/wp-content\/uploads\/2017\/05\/logo.png","width":174,"height":75,"caption":"V\u00e4stsvensk Byggskruv AB"},"image":{"@id":"https:\/\/vsbyggskruv.se\/en\/#\/schema\/logo\/image\/"}}]}},"_links":{"self":[{"href":"https:\/\/vsbyggskruv.se\/en\/wp-json\/wp\/v2\/pages\/2433"}],"collection":[{"href":"https:\/\/vsbyggskruv.se\/en\/wp-json\/wp\/v2\/pages"}],"about":[{"href":"https:\/\/vsbyggskruv.se\/en\/wp-json\/wp\/v2\/types\/page"}],"author":[{"embeddable":true,"href":"https:\/\/vsbyggskruv.se\/en\/wp-json\/wp\/v2\/users\/1"}],"replies":[{"embeddable":true,"href":"https:\/\/vsbyggskruv.se\/en\/wp-json\/wp\/v2\/comments?post=2433"}],"version-history":[{"count":7,"href":"https:\/\/vsbyggskruv.se\/en\/wp-json\/wp\/v2\/pages\/2433\/revisions"}],"predecessor-version":[{"id":7864,"href":"https:\/\/vsbyggskruv.se\/en\/wp-json\/wp\/v2\/pages\/2433\/revisions\/7864"}],"up":[{"embeddable":true,"href":"https:\/\/vsbyggskruv.se\/en\/wp-json\/wp\/v2\/pages\/2423"}],"wp:attachment":[{"href":"https:\/\/vsbyggskruv.se\/en\/wp-json\/wp\/v2\/media?parent=2433"}],"curies":[{"name":"wp","href":"https:\/\/api.w.org\/{rel}","templated":true}]}}