{"id":2435,"date":"2018-05-24T15:31:02","date_gmt":"2018-05-24T13:31:02","guid":{"rendered":"https:\/\/vsbyggskruv.se\/integritetspolicy\/"},"modified":"2024-04-23T16:40:35","modified_gmt":"2024-04-23T14:40:35","slug":"privacy-policy","status":"publish","type":"page","link":"https:\/\/vsbyggskruv.se\/en\/about-vsb\/privacy-policy\/","title":{"rendered":"Privacy policy"},"content":{"rendered":"<p>At VSB we always endeavour to achieve high quality, especially when it comes to data protection and personal privacy. To give you peace of mind and to help you understand how we collect and use personal data, you have access to our privacy policy. The policy describes your rights and how you can apply them.<br \/>\nStill have questions?\u00a0Please get in touch!<\/p>\n<div class=\"animated\"><img decoding=\"async\" src=\"https:\/\/vsbyggskruv.se\/wp-content\/uploads\/2018\/05\/Integritetspolicy.jpg\" alt=\"VSB Integritetspolicy\" \/><\/div>\n<div id=\"integritetspolicy\">\n<h3>Parties and responsibilities for the processing of your personal data<\/h3>\n<p>V\u00e4stsvensk Byggskruv AB, Corporate ID no.: 556243-3440, address: V\u00e4vlagargatan 7, SE-507 30 Br\u00e4mhult (hereinafter referred to as VSB) is the personal data controller responsible for the processing of personal data that takes place within the framework of the company\u2019s business operations.<br \/>\n<span class=\"indrag\">\u00a0<\/span>At VSB we protect personal privacy and always strive for a high level of data protection. We explain how we collect and use personal data in this privacy policy. It also describes your rights and how you can apply them. It is vital that you read and understand the privacy policy, and feel reassured when it comes to our processing of your personal data. You are always welcome to get in touch if you have any questions.<\/p>\n<div>\n<h3>What personal data we process and why<\/h3>\n<\/div>\n<p>For the company to conduct its business operations, personal data is processed for a range of purposes associated with the business.<br \/>\n<span class=\"indrag\">\u00a0<\/span>We collect company information and personal data,\u00a0 such as name, title and contact details, in order to comply with the customer agreement we have entered, and due to legal requirements, such as our accounting and tax liability.<br \/>\n<span class=\"indrag\">\u00a0<\/span>If you use our training portal, we also collect personal data in the form of login details, user ID, IP address, information about which training courses you have completed, user behaviour, statistics and crash reports for troubleshooting. In the training portal, we process personal data for the purpose of giving you access to the training portal and the courses, to keep statistics and to develop the portal. This is done on the basis of our legitimate interest. Keeping in mind the balancing of interests, we also collect company information and personal data for information and marketing purposes in order to communicate details such as the right information to the right person in your organisation by telephone, text message, mail and e-mail, so that we can visit you and deliver the goods ordered.<\/p>\n<h3>Collection of web statistics<\/h3>\n<p>VSB uses cookies from Google Analytics for,\u00a0among other things,\u00a0<a href=\"https:\/\/vsbyggskruv.se\/\">vsbyggskruv.se<\/a>.<\/p>\n<p>&nbsp;<\/p>\n<p>A cookie is a small text file sent to you and saved on your computer, telephone or tablet when you visit our site. There are two types of cookies \u2013 permanent and temporary (session cookies). Permanent cookies are stored until you or the server that sent them deletes them. Session cookies are temporary and disappear once you close your browser.<\/p>\n<p>We use cookies on\u00a0<a href=\"https:\/\/vsbyggskruv.se\/\">vsbyggskruv.se<\/a>\u00a0to be able to:<\/p>\n<ul>\n<li><span lang=\"EN-GB\">View information such as visitor statistics<\/span><\/li>\n<li><span lang=\"EN-GB\">Identify which operating systems are being used<\/span><\/li>\n<li><span lang=\"EN-GB\">See which browsers are being used<\/span><\/li>\n<li><span lang=\"EN-GB\">Study how the different sections of the website are used by our visitors<\/span><\/li>\n<\/ul>\n<p>We do not use cookies to analyse how you as a person use the site at an individual level. If you do not want to allow cookies to be stored on your computer, you can easily turn off, block, and remove stored cookies\u00a0 in the consent function on our website or by updating your browser&#8217;s settings.<\/p>\n<h3>With whom do we share personal data?<\/h3>\n<p>When it is necessary for us to provide our services, we share your personal data with entities that act as our data processors. A data processor is a company that handles information on our behalf and according to the instructions we give. We have entered into agreements with all our personal data processors to ensure the protection of the personal data they process, and that they will comply with our security requirements. We may also share your data with parties that are independent data controllers when required, such as authorities.<\/p>\n<p>&nbsp;<\/p>\n<p>We always strive for your personal data to be processed within the EU\/EEA, which is why all of our own IT systems are based in this geographical area. However, in terms of systematic support and maintenance, we may have to transfer the information to a non-EU\/EEA country, for example if we share your personal data with a personal data processor who, either internally or through a subcontractor, is established or stores information in a non-EU\/EEA country. In these cases, the processor may only share the information relevant to the purpose (such as log files). Regardless of the country in which your personal data is processed, we take reasonable legal, technical and organisational measures to ensure that the level of protection is the same as within the EU\/EEA. In cases where personal data is processed outside the EU\/EEA, the level of protection is ensured, either by a decision from the European Commission that the country in question ensures an adequate level of protection, or by the use of so-called appropriate safeguards.<\/p>\n<h3>What legal basis do we have for personal data processing?<\/h3>\n<div>\n<p class=\"Allmntstyckeformat\"><span lang=\"NO-BOK\">We collect corporate information and personal data that you send to us, for example: when you become a customer with us; when you place orders and enter into an agreement with us; when you contact support or customer service; when you participate in a training course in our training portal, when answering e-mails and response cards, or when seeking a job with us. As we mainly work with you as entrepreneurs, we chiefly collect general business information such as company name, corporate identity number, telephone number and address. These are not classed as personal data (unless you engage in private dealings) and are not covered by GDPR.<\/span><\/p>\n<\/div>\n<div>\n<p class=\"Allmntstyckeformat\"><span lang=\"NO-BOK\">\u00a0\u00a0\u00a0\u00a0 The legal basis for processing the above-mentioned personal data is essentially a legal obligation, but may also require a balancing of interests approach, for example when you contact us as a non-customer.<\/span><\/p>\n<\/div>\n<h3>For how long do we save your personal data?<\/h3>\n<p>VSB never saves your personal data longer than is necessary with regard to the purpose of the processing, legal requirements, or other regulations.<br \/>\n<span class=\"indrag\">\u00a0<\/span>On a yearly basis, VSB assesses if the purpose of the processing of personal data remains \u2013 if not, the data will be deleted.<br \/>\n<span class=\"indrag\">\u00a0<\/span>However, in some cases, VSB is obliged to continuously keep personal data. Such an obligation exists, for example, in the Accounting Act, where we have an obligation to store personal data for at least 7 years. In cases where the Accounting Act or other legislation is not applied, VSB makes an assessment every 3 years to see if it is still necessary to save the personal data for the purpose. If deemed not necessary, the data is deleted. Should we consider that we still need to keep the data for the intended purpose, it will be saved until next year&#8217;s assessment.<\/p>\n<h3>What are your rights?<\/h3>\n<p>You are entitled to receive a registry extract from VSB\u2019s processing of your personal data. VSB must provide you with a copy of the personal data being processed following a request for a registry extract. For any additional copies that you request, VSB may charge a reasonable fee based on administrative costs.<br \/>\n<span class=\"indrag\">\u00a0<\/span>You are entitled to have your personal data corrected if it is erroneous, incomplete or misleading and may restrict the processing of your personal data until it is updated.<br \/>\n<span class=\"indrag\">\u00a0<\/span>Your profile may be deleted under certain circumstances:<\/p>\n<ul>\n<li>If the information is no longer required for the purposes for which it was collected.<\/li>\n<li>If the processing is based on your consent and you revoke such consent.<\/li>\n<li>If the processing is for direct marketing purposes and you oppose the processing of the data.<\/li>\n<li>If you oppose personal data processing being used within the brief of an authority or after a balancing of interests, and there are no legitimate reasons that weigh heavier than your interests<\/li>\n<li>If personal data has been processed illegally<\/li>\n<li>If deletion is required to satisfy a legal obligation<\/li>\n<li>If the personal data refers to a minor and was collected when the minor created a social media profile<\/li>\n<\/ul>\n<div>\n<p class=\"Allmntstyckeformat\"><span lang=\"NO-BOK\">You are also entitled to withdraw your consent, oppose automatic decision-making, profiling and object to direct marketing.<\/span><\/p>\n<\/div>\n<div>\n<p class=\"Allmntstyckeformat\"><span lang=\"NO-BOK\">\u00a0\u00a0\u00a0\u00a0 You may exercise your rights by requesting access to and the correction or deletion of personal data, requesting processing restrictions or objecting to processing at any time. Contact VSB to exercise your rights.<\/span><\/p>\n<\/div>\n<div>\n<p class=\"Allmntstyckeformat\"><span lang=\"NO-BOK\">\u00a0\u00a0\u00a0\u00a0 In addition, you are entitled to file a complaint regarding VSB\u2019s processing of your personal data with Integritetsskyddsmyndigheten, see <a href=\"https:\/\/www.imy.se\/en\/\" target=\"_blank\" rel=\"noopener\">www.imy.se<\/a>.<\/span><\/p>\n<\/div>\n<h3>Changes to the Privacy Policy<\/h3>\n<p>Please note that the terms and conditions of the privacy policy may change. In such cases, the new version will be published on VSB\u2019s website. You should therefore review these terms and conditions on a regular basis to make sure you are satisfied with the changes. However, in the event of alterations to material, we will email you regarding any changes made, providing you have notified us of your email address.<br \/>\n<span class=\"indrag\">\u00a0<\/span>If the changes concern the personal data processing that we perform on the basis of your consent, we will give you the option to give your consent again.<\/p>\n<h3>Want to know more?<\/h3>\n<p><span lang=\"EN-GB\">If you have any questions about VSB\u2019s personal data processing or want to exercise your rights, please contact VSB\u2019s GDPR officer. Call our customer support on +46(0)33-23 03 03 and ask for the GDPR officer at the company or send an email to <\/span><a href=\"mailto:vsb@vsbyggskruv.se\">vsb@vsbyggskruv.se<\/a> with attention GDPR-ansvarig.<\/p>\n<\/div>\n<div id=\"integritetspolicy\">\n<p><a href=\"https:\/\/vsbyggskruv.se\/pdf\/VSB_Integritetspolicy_2024_Eng.pdf\" target=\"_blank\" rel=\"noopener noreferrer\"><span lang=\"EN-GB\"><br \/>\nDownload our Privacy Policy in PDF format<\/span>\u00a0\u00bb<\/a><\/p>\n<p style=\"text-align: right;\"><i>Br\u00e4mhult 2024-04-12<\/i><\/p>\n<p>&nbsp;<\/p>\n<p>&nbsp;<\/p>\n<p>&nbsp;<\/p>\n<p>&nbsp;<\/p>\n<\/div>\n","protected":false},"excerpt":{"rendered":"<p>At VSB we always endeavour to achieve high quality, especially when it comes to data protection and personal privacy. To give you peace of mind and to help you understand [&hellip;]<\/p>\n","protected":false},"author":1,"featured_media":0,"parent":2438,"menu_order":0,"comment_status":"closed","ping_status":"closed","template":"page-tpl-about.php","meta":{"footnotes":""},"acf":[],"yoast_head":"<!-- This site is optimized with the Yoast SEO plugin v21.9.1 - https:\/\/yoast.com\/wordpress\/plugins\/seo\/ -->\n<title>Privacy policy - V\u00e4stsvensk Byggskruv<\/title>\n<meta name=\"robots\" content=\"index, follow, max-snippet:-1, max-image-preview:large, max-video-preview:-1\" \/>\n<link rel=\"canonical\" href=\"https:\/\/vsbyggskruv.se\/en\/about-vsb\/privacy-policy\/\" \/>\n<meta property=\"og:locale\" content=\"en_US\" \/>\n<meta property=\"og:type\" content=\"article\" \/>\n<meta property=\"og:title\" content=\"Privacy policy - V\u00e4stsvensk Byggskruv\" \/>\n<meta property=\"og:description\" content=\"At VSB we always endeavour to achieve high quality, especially when it comes to data protection and personal privacy. To give you peace of mind and to help you understand [&hellip;]\" \/>\n<meta property=\"og:url\" content=\"https:\/\/vsbyggskruv.se\/en\/about-vsb\/privacy-policy\/\" \/>\n<meta property=\"og:site_name\" content=\"V\u00e4stsvensk Byggskruv\" \/>\n<meta property=\"article:modified_time\" content=\"2024-04-23T14:40:35+00:00\" \/>\n<meta property=\"og:image\" content=\"https:\/\/vsbyggskruv.se\/wp-content\/uploads\/2018\/05\/Integritetspolicy.jpg\" \/>\n<meta name=\"twitter:card\" content=\"summary_large_image\" \/>\n<meta name=\"twitter:label1\" content=\"Est. reading time\" \/>\n\t<meta name=\"twitter:data1\" content=\"8 minutes\" \/>\n<script type=\"application\/ld+json\" class=\"yoast-schema-graph\">{\"@context\":\"https:\/\/schema.org\",\"@graph\":[{\"@type\":\"WebPage\",\"@id\":\"https:\/\/vsbyggskruv.se\/en\/about-vsb\/privacy-policy\/\",\"url\":\"https:\/\/vsbyggskruv.se\/en\/about-vsb\/privacy-policy\/\",\"name\":\"Privacy policy - V\u00e4stsvensk Byggskruv\",\"isPartOf\":{\"@id\":\"https:\/\/vsbyggskruv.se\/en\/#website\"},\"datePublished\":\"2018-05-24T13:31:02+00:00\",\"dateModified\":\"2024-04-23T14:40:35+00:00\",\"breadcrumb\":{\"@id\":\"https:\/\/vsbyggskruv.se\/en\/about-vsb\/privacy-policy\/#breadcrumb\"},\"inLanguage\":\"en-US\",\"potentialAction\":[{\"@type\":\"ReadAction\",\"target\":[\"https:\/\/vsbyggskruv.se\/en\/about-vsb\/privacy-policy\/\"]}]},{\"@type\":\"BreadcrumbList\",\"@id\":\"https:\/\/vsbyggskruv.se\/en\/about-vsb\/privacy-policy\/#breadcrumb\",\"itemListElement\":[{\"@type\":\"ListItem\",\"position\":1,\"name\":\"VSB\",\"item\":\"https:\/\/vsbyggskruv.se\/en\/\"},{\"@type\":\"ListItem\",\"position\":2,\"name\":\"About VSB\",\"item\":\"https:\/\/vsbyggskruv.se\/en\/about-vsb\/\"},{\"@type\":\"ListItem\",\"position\":3,\"name\":\"Privacy policy\"}]},{\"@type\":\"WebSite\",\"@id\":\"https:\/\/vsbyggskruv.se\/en\/#website\",\"url\":\"https:\/\/vsbyggskruv.se\/en\/\",\"name\":\"V\u00e4stsvensk Byggskruv\",\"description\":\"V\u00e4stsvensk Byggskruv specializes in screw and attachments\",\"publisher\":{\"@id\":\"https:\/\/vsbyggskruv.se\/en\/#organization\"},\"potentialAction\":[{\"@type\":\"SearchAction\",\"target\":{\"@type\":\"EntryPoint\",\"urlTemplate\":\"https:\/\/vsbyggskruv.se\/en\/?s={search_term_string}\"},\"query-input\":\"required name=search_term_string\"}],\"inLanguage\":\"en-US\"},{\"@type\":\"Organization\",\"@id\":\"https:\/\/vsbyggskruv.se\/en\/#organization\",\"name\":\"V\u00e4stsvensk Byggskruv AB\",\"url\":\"https:\/\/vsbyggskruv.se\/en\/\",\"logo\":{\"@type\":\"ImageObject\",\"inLanguage\":\"en-US\",\"@id\":\"https:\/\/vsbyggskruv.se\/en\/#\/schema\/logo\/image\/\",\"url\":\"https:\/\/vsbyggskruv.se\/wp-content\/uploads\/2017\/05\/logo.png\",\"contentUrl\":\"https:\/\/vsbyggskruv.se\/wp-content\/uploads\/2017\/05\/logo.png\",\"width\":174,\"height\":75,\"caption\":\"V\u00e4stsvensk Byggskruv AB\"},\"image\":{\"@id\":\"https:\/\/vsbyggskruv.se\/en\/#\/schema\/logo\/image\/\"}}]}<\/script>\n<!-- \/ Yoast SEO plugin. -->","yoast_head_json":{"title":"Privacy policy - V\u00e4stsvensk Byggskruv","robots":{"index":"index","follow":"follow","max-snippet":"max-snippet:-1","max-image-preview":"max-image-preview:large","max-video-preview":"max-video-preview:-1"},"canonical":"https:\/\/vsbyggskruv.se\/en\/about-vsb\/privacy-policy\/","og_locale":"en_US","og_type":"article","og_title":"Privacy policy - V\u00e4stsvensk Byggskruv","og_description":"At VSB we always endeavour to achieve high quality, especially when it comes to data protection and personal privacy. To give you peace of mind and to help you understand [&hellip;]","og_url":"https:\/\/vsbyggskruv.se\/en\/about-vsb\/privacy-policy\/","og_site_name":"V\u00e4stsvensk Byggskruv","article_modified_time":"2024-04-23T14:40:35+00:00","og_image":[{"url":"https:\/\/vsbyggskruv.se\/wp-content\/uploads\/2018\/05\/Integritetspolicy.jpg"}],"twitter_card":"summary_large_image","twitter_misc":{"Est. reading time":"8 minutes"},"schema":{"@context":"https:\/\/schema.org","@graph":[{"@type":"WebPage","@id":"https:\/\/vsbyggskruv.se\/en\/about-vsb\/privacy-policy\/","url":"https:\/\/vsbyggskruv.se\/en\/about-vsb\/privacy-policy\/","name":"Privacy policy - V\u00e4stsvensk Byggskruv","isPartOf":{"@id":"https:\/\/vsbyggskruv.se\/en\/#website"},"datePublished":"2018-05-24T13:31:02+00:00","dateModified":"2024-04-23T14:40:35+00:00","breadcrumb":{"@id":"https:\/\/vsbyggskruv.se\/en\/about-vsb\/privacy-policy\/#breadcrumb"},"inLanguage":"en-US","potentialAction":[{"@type":"ReadAction","target":["https:\/\/vsbyggskruv.se\/en\/about-vsb\/privacy-policy\/"]}]},{"@type":"BreadcrumbList","@id":"https:\/\/vsbyggskruv.se\/en\/about-vsb\/privacy-policy\/#breadcrumb","itemListElement":[{"@type":"ListItem","position":1,"name":"VSB","item":"https:\/\/vsbyggskruv.se\/en\/"},{"@type":"ListItem","position":2,"name":"About VSB","item":"https:\/\/vsbyggskruv.se\/en\/about-vsb\/"},{"@type":"ListItem","position":3,"name":"Privacy policy"}]},{"@type":"WebSite","@id":"https:\/\/vsbyggskruv.se\/en\/#website","url":"https:\/\/vsbyggskruv.se\/en\/","name":"V\u00e4stsvensk Byggskruv","description":"V\u00e4stsvensk Byggskruv specializes in screw and attachments","publisher":{"@id":"https:\/\/vsbyggskruv.se\/en\/#organization"},"potentialAction":[{"@type":"SearchAction","target":{"@type":"EntryPoint","urlTemplate":"https:\/\/vsbyggskruv.se\/en\/?s={search_term_string}"},"query-input":"required name=search_term_string"}],"inLanguage":"en-US"},{"@type":"Organization","@id":"https:\/\/vsbyggskruv.se\/en\/#organization","name":"V\u00e4stsvensk Byggskruv AB","url":"https:\/\/vsbyggskruv.se\/en\/","logo":{"@type":"ImageObject","inLanguage":"en-US","@id":"https:\/\/vsbyggskruv.se\/en\/#\/schema\/logo\/image\/","url":"https:\/\/vsbyggskruv.se\/wp-content\/uploads\/2017\/05\/logo.png","contentUrl":"https:\/\/vsbyggskruv.se\/wp-content\/uploads\/2017\/05\/logo.png","width":174,"height":75,"caption":"V\u00e4stsvensk Byggskruv AB"},"image":{"@id":"https:\/\/vsbyggskruv.se\/en\/#\/schema\/logo\/image\/"}}]}},"_links":{"self":[{"href":"https:\/\/vsbyggskruv.se\/en\/wp-json\/wp\/v2\/pages\/2435"}],"collection":[{"href":"https:\/\/vsbyggskruv.se\/en\/wp-json\/wp\/v2\/pages"}],"about":[{"href":"https:\/\/vsbyggskruv.se\/en\/wp-json\/wp\/v2\/types\/page"}],"author":[{"embeddable":true,"href":"https:\/\/vsbyggskruv.se\/en\/wp-json\/wp\/v2\/users\/1"}],"replies":[{"embeddable":true,"href":"https:\/\/vsbyggskruv.se\/en\/wp-json\/wp\/v2\/comments?post=2435"}],"version-history":[{"count":25,"href":"https:\/\/vsbyggskruv.se\/en\/wp-json\/wp\/v2\/pages\/2435\/revisions"}],"predecessor-version":[{"id":8227,"href":"https:\/\/vsbyggskruv.se\/en\/wp-json\/wp\/v2\/pages\/2435\/revisions\/8227"}],"up":[{"embeddable":true,"href":"https:\/\/vsbyggskruv.se\/en\/wp-json\/wp\/v2\/pages\/2438"}],"wp:attachment":[{"href":"https:\/\/vsbyggskruv.se\/en\/wp-json\/wp\/v2\/media?parent=2435"}],"curies":[{"name":"wp","href":"https:\/\/api.w.org\/{rel}","templated":true}]}}