{"id":6776,"date":"2017-05-23T09:21:24","date_gmt":"2017-05-23T07:21:24","guid":{"rendered":"https:\/\/vsbyggskruv.se\/vsb\/"},"modified":"2026-02-24T13:47:27","modified_gmt":"2026-02-24T12:47:27","slug":"vsb","status":"publish","type":"page","link":"https:\/\/vsbyggskruv.se\/no\/","title":{"rendered":"VSB"},"content":{"rendered":"","protected":false},"excerpt":{"rendered":"","protected":false},"author":1,"featured_media":0,"parent":0,"menu_order":0,"comment_status":"closed","ping_status":"closed","template":"page-tpl-home.php","meta":{"footnotes":""},"acf":[],"yoast_head":"<!-- This site is optimized with the Yoast SEO plugin v21.9.1 - https:\/\/yoast.com\/wordpress\/plugins\/seo\/ -->\n<title>VSB - V\u00e4stsvensk Byggskruv<\/title>\n<meta name=\"description\" content=\"V\u00e4stsvensk Byggskruv \u00e4r specialiserade p\u00e5 f\u00e4stelement, skruv, bult och inf\u00e4stning t.ex: bits, bult, byggl\u00e5da, byggpl\u00e5tskruv, byggskruv, hylsor, inf\u00e4stning, inspektionsluckor, rakbandad skruv och tr\u00e4skruv.\" \/>\n<meta name=\"robots\" content=\"index, follow, max-snippet:-1, max-image-preview:large, max-video-preview:-1\" \/>\n<link rel=\"canonical\" href=\"https:\/\/vsbyggskruv.se\/no\/\" \/>\n<meta property=\"og:locale\" content=\"nb_NO\" \/>\n<meta property=\"og:type\" content=\"article\" \/>\n<meta property=\"og:title\" content=\"VSB - V\u00e4stsvensk Byggskruv\" \/>\n<meta property=\"og:description\" content=\"V\u00e4stsvensk Byggskruv \u00e4r specialiserade p\u00e5 f\u00e4stelement, skruv, bult och inf\u00e4stning t.ex: bits, bult, byggl\u00e5da, byggpl\u00e5tskruv, byggskruv, hylsor, inf\u00e4stning, inspektionsluckor, rakbandad skruv och tr\u00e4skruv.\" \/>\n<meta property=\"og:url\" content=\"https:\/\/vsbyggskruv.se\/no\/\" \/>\n<meta property=\"og:site_name\" content=\"V\u00e4stsvensk Byggskruv\" \/>\n<meta property=\"article:modified_time\" content=\"2026-02-24T12:47:27+00:00\" \/>\n<meta name=\"twitter:card\" content=\"summary_large_image\" \/>\n<script type=\"application\/ld+json\" class=\"yoast-schema-graph\">{\"@context\":\"https:\/\/schema.org\",\"@graph\":[{\"@type\":\"WebPage\",\"@id\":\"https:\/\/vsbyggskruv.se\/no\/\",\"url\":\"https:\/\/vsbyggskruv.se\/no\/\",\"name\":\"VSB - V\u00e4stsvensk Byggskruv\",\"isPartOf\":{\"@id\":\"https:\/\/vsbyggskruv.se\/no\/#website\"},\"datePublished\":\"2017-05-23T07:21:24+00:00\",\"dateModified\":\"2026-02-24T12:47:27+00:00\",\"description\":\"V\u00e4stsvensk Byggskruv \u00e4r specialiserade p\u00e5 f\u00e4stelement, skruv, bult och inf\u00e4stning t.ex: bits, bult, byggl\u00e5da, byggpl\u00e5tskruv, byggskruv, hylsor, inf\u00e4stning, inspektionsluckor, rakbandad skruv och tr\u00e4skruv.\",\"breadcrumb\":{\"@id\":\"https:\/\/vsbyggskruv.se\/no\/#breadcrumb\"},\"inLanguage\":\"nb-NO\",\"potentialAction\":[{\"@type\":\"ReadAction\",\"target\":[\"https:\/\/vsbyggskruv.se\/no\/\"]}]},{\"@type\":\"BreadcrumbList\",\"@id\":\"https:\/\/vsbyggskruv.se\/no\/#breadcrumb\",\"itemListElement\":[{\"@type\":\"ListItem\",\"position\":1,\"name\":\"VSB\",\"item\":\"https:\/\/vsbyggskruv.se\/no\/\"},{\"@type\":\"ListItem\",\"position\":2,\"name\":\"VSB\"}]},{\"@type\":\"WebSite\",\"@id\":\"https:\/\/vsbyggskruv.se\/no\/#website\",\"url\":\"https:\/\/vsbyggskruv.se\/no\/\",\"name\":\"V\u00e4stsvensk Byggskruv\",\"description\":\"V\u00e4stsvensk Byggskruv AB har spesialisert seg p\u00e5 skruer og innfesting\",\"publisher\":{\"@id\":\"https:\/\/vsbyggskruv.se\/no\/#organization\"},\"potentialAction\":[{\"@type\":\"SearchAction\",\"target\":{\"@type\":\"EntryPoint\",\"urlTemplate\":\"https:\/\/vsbyggskruv.se\/no\/?s={search_term_string}\"},\"query-input\":\"required name=search_term_string\"}],\"inLanguage\":\"nb-NO\"},{\"@type\":\"Organization\",\"@id\":\"https:\/\/vsbyggskruv.se\/no\/#organization\",\"name\":\"V\u00e4stsvensk Byggskruv AB\",\"url\":\"https:\/\/vsbyggskruv.se\/no\/\",\"logo\":{\"@type\":\"ImageObject\",\"inLanguage\":\"nb-NO\",\"@id\":\"https:\/\/vsbyggskruv.se\/no\/#\/schema\/logo\/image\/\",\"url\":\"https:\/\/vsbyggskruv.se\/wp-content\/uploads\/2017\/05\/logo.png\",\"contentUrl\":\"https:\/\/vsbyggskruv.se\/wp-content\/uploads\/2017\/05\/logo.png\",\"width\":174,\"height\":75,\"caption\":\"V\u00e4stsvensk Byggskruv AB\"},\"image\":{\"@id\":\"https:\/\/vsbyggskruv.se\/no\/#\/schema\/logo\/image\/\"}}]}<\/script>\n<!-- \/ Yoast SEO plugin. -->","yoast_head_json":{"title":"VSB - V\u00e4stsvensk Byggskruv","description":"V\u00e4stsvensk Byggskruv \u00e4r specialiserade p\u00e5 f\u00e4stelement, skruv, bult och inf\u00e4stning t.ex: bits, bult, byggl\u00e5da, byggpl\u00e5tskruv, byggskruv, hylsor, inf\u00e4stning, inspektionsluckor, rakbandad skruv och tr\u00e4skruv.","robots":{"index":"index","follow":"follow","max-snippet":"max-snippet:-1","max-image-preview":"max-image-preview:large","max-video-preview":"max-video-preview:-1"},"canonical":"https:\/\/vsbyggskruv.se\/no\/","og_locale":"nb_NO","og_type":"article","og_title":"VSB - V\u00e4stsvensk Byggskruv","og_description":"V\u00e4stsvensk Byggskruv \u00e4r specialiserade p\u00e5 f\u00e4stelement, skruv, bult och inf\u00e4stning t.ex: bits, bult, byggl\u00e5da, byggpl\u00e5tskruv, byggskruv, hylsor, inf\u00e4stning, inspektionsluckor, rakbandad skruv och tr\u00e4skruv.","og_url":"https:\/\/vsbyggskruv.se\/no\/","og_site_name":"V\u00e4stsvensk Byggskruv","article_modified_time":"2026-02-24T12:47:27+00:00","twitter_card":"summary_large_image","schema":{"@context":"https:\/\/schema.org","@graph":[{"@type":"WebPage","@id":"https:\/\/vsbyggskruv.se\/no\/","url":"https:\/\/vsbyggskruv.se\/no\/","name":"VSB - V\u00e4stsvensk Byggskruv","isPartOf":{"@id":"https:\/\/vsbyggskruv.se\/no\/#website"},"datePublished":"2017-05-23T07:21:24+00:00","dateModified":"2026-02-24T12:47:27+00:00","description":"V\u00e4stsvensk Byggskruv \u00e4r specialiserade p\u00e5 f\u00e4stelement, skruv, bult och inf\u00e4stning t.ex: bits, bult, byggl\u00e5da, byggpl\u00e5tskruv, byggskruv, hylsor, inf\u00e4stning, inspektionsluckor, rakbandad skruv och tr\u00e4skruv.","breadcrumb":{"@id":"https:\/\/vsbyggskruv.se\/no\/#breadcrumb"},"inLanguage":"nb-NO","potentialAction":[{"@type":"ReadAction","target":["https:\/\/vsbyggskruv.se\/no\/"]}]},{"@type":"BreadcrumbList","@id":"https:\/\/vsbyggskruv.se\/no\/#breadcrumb","itemListElement":[{"@type":"ListItem","position":1,"name":"VSB","item":"https:\/\/vsbyggskruv.se\/no\/"},{"@type":"ListItem","position":2,"name":"VSB"}]},{"@type":"WebSite","@id":"https:\/\/vsbyggskruv.se\/no\/#website","url":"https:\/\/vsbyggskruv.se\/no\/","name":"V\u00e4stsvensk Byggskruv","description":"V\u00e4stsvensk Byggskruv AB har spesialisert seg p\u00e5 skruer og innfesting","publisher":{"@id":"https:\/\/vsbyggskruv.se\/no\/#organization"},"potentialAction":[{"@type":"SearchAction","target":{"@type":"EntryPoint","urlTemplate":"https:\/\/vsbyggskruv.se\/no\/?s={search_term_string}"},"query-input":"required name=search_term_string"}],"inLanguage":"nb-NO"},{"@type":"Organization","@id":"https:\/\/vsbyggskruv.se\/no\/#organization","name":"V\u00e4stsvensk Byggskruv AB","url":"https:\/\/vsbyggskruv.se\/no\/","logo":{"@type":"ImageObject","inLanguage":"nb-NO","@id":"https:\/\/vsbyggskruv.se\/no\/#\/schema\/logo\/image\/","url":"https:\/\/vsbyggskruv.se\/wp-content\/uploads\/2017\/05\/logo.png","contentUrl":"https:\/\/vsbyggskruv.se\/wp-content\/uploads\/2017\/05\/logo.png","width":174,"height":75,"caption":"V\u00e4stsvensk Byggskruv AB"},"image":{"@id":"https:\/\/vsbyggskruv.se\/no\/#\/schema\/logo\/image\/"}}]}},"_links":{"self":[{"href":"https:\/\/vsbyggskruv.se\/no\/wp-json\/wp\/v2\/pages\/6776"}],"collection":[{"href":"https:\/\/vsbyggskruv.se\/no\/wp-json\/wp\/v2\/pages"}],"about":[{"href":"https:\/\/vsbyggskruv.se\/no\/wp-json\/wp\/v2\/types\/page"}],"author":[{"embeddable":true,"href":"https:\/\/vsbyggskruv.se\/no\/wp-json\/wp\/v2\/users\/1"}],"replies":[{"embeddable":true,"href":"https:\/\/vsbyggskruv.se\/no\/wp-json\/wp\/v2\/comments?post=6776"}],"version-history":[{"count":34,"href":"https:\/\/vsbyggskruv.se\/no\/wp-json\/wp\/v2\/pages\/6776\/revisions"}],"predecessor-version":[{"id":9050,"href":"https:\/\/vsbyggskruv.se\/no\/wp-json\/wp\/v2\/pages\/6776\/revisions\/9050"}],"wp:attachment":[{"href":"https:\/\/vsbyggskruv.se\/no\/wp-json\/wp\/v2\/media?parent=6776"}],"curies":[{"name":"wp","href":"https:\/\/api.w.org\/{rel}","templated":true}]}}