{"id":7090,"date":"2017-06-15T10:50:52","date_gmt":"2017-06-15T08:50:52","guid":{"rendered":"https:\/\/vsbyggskruv.se\/varemerken\/byggladan\/"},"modified":"2023-11-16T15:24:05","modified_gmt":"2023-11-16T14:24:05","slug":"byggladan","status":"publish","type":"page","link":"https:\/\/vsbyggskruv.se\/no\/varemerken\/byggladan\/","title":{"rendered":"Byggl\u00e5dan"},"content":{"rendered":"<h2>Byggl\u00e5dan er en oppbevaringskoffert utviklet og m\u00e5ltilpasset for \u00e5 fungere sammen med hele VSBs produktsortiment innenfor innfesting.<\/h2>\n<p>Med Byggl\u00e5dans smarte oppbygning og oversikten kofferten gir, forenkler den enhver h\u00e5ndverkers hverdag. Kraftig b\u00e6reh\u00e5ndtak, sikkert l\u00e5sesystem og praktiske sideh\u00e5ndtak gj\u00f8r kofferten lett \u00e5 transportere og oppbevare. Ved at du selv pakker Byggl\u00e5dan med det sortimentet respektive jobb krever, risikerer du aldri \u00e5 st\u00e5 uten innfesting. Du sparer tid og reduserer un\u00f8dvendig irritasjon. Med bedre oversikt f\u00e5r du orden p\u00e5 produktsortimentet ditt og slipper f.eks. \u00e5 ha feil oppsett med skruer n\u00e5r jobben skal gj\u00f8res.<\/p>\n","protected":false},"excerpt":{"rendered":"<p>Byggl\u00e5dan er en oppbevaringskoffert utviklet og m\u00e5ltilpasset for \u00e5 fungere sammen med hele VSBs produktsortiment innenfor innfesting. Med Byggl\u00e5dans smarte oppbygning og oversikten kofferten gir, forenkler den enhver h\u00e5ndverkers hverdag. [&hellip;]<\/p>\n","protected":false},"author":1,"featured_media":0,"parent":7066,"menu_order":0,"comment_status":"closed","ping_status":"closed","template":"page-tpl-byggladan.php","meta":{"footnotes":""},"acf":[],"yoast_head":"<!-- This site is optimized with the Yoast SEO plugin v21.9.1 - https:\/\/yoast.com\/wordpress\/plugins\/seo\/ -->\n<title>Byggl\u00e5dan - V\u00e4stsvensk Byggskruv<\/title>\n<meta name=\"robots\" content=\"index, follow, max-snippet:-1, max-image-preview:large, max-video-preview:-1\" \/>\n<link rel=\"canonical\" href=\"https:\/\/vsbyggskruv.se\/no\/varemerken\/byggladan\/\" \/>\n<meta property=\"og:locale\" content=\"nb_NO\" \/>\n<meta property=\"og:type\" content=\"article\" \/>\n<meta property=\"og:title\" content=\"Byggl\u00e5dan - V\u00e4stsvensk Byggskruv\" \/>\n<meta property=\"og:description\" content=\"Byggl\u00e5dan er en oppbevaringskoffert utviklet og m\u00e5ltilpasset for \u00e5 fungere sammen med hele VSBs produktsortiment innenfor innfesting. Med Byggl\u00e5dans smarte oppbygning og oversikten kofferten gir, forenkler den enhver h\u00e5ndverkers hverdag. [&hellip;]\" \/>\n<meta property=\"og:url\" content=\"https:\/\/vsbyggskruv.se\/no\/varemerken\/byggladan\/\" \/>\n<meta property=\"og:site_name\" content=\"V\u00e4stsvensk Byggskruv\" \/>\n<meta property=\"article:modified_time\" content=\"2023-11-16T14:24:05+00:00\" \/>\n<meta name=\"twitter:card\" content=\"summary_large_image\" \/>\n<meta name=\"twitter:label1\" content=\"Ansl. lesetid\" \/>\n\t<meta name=\"twitter:data1\" content=\"1 minutt\" \/>\n<script type=\"application\/ld+json\" class=\"yoast-schema-graph\">{\"@context\":\"https:\/\/schema.org\",\"@graph\":[{\"@type\":\"WebPage\",\"@id\":\"https:\/\/vsbyggskruv.se\/no\/varemerken\/byggladan\/\",\"url\":\"https:\/\/vsbyggskruv.se\/no\/varemerken\/byggladan\/\",\"name\":\"Byggl\u00e5dan - V\u00e4stsvensk Byggskruv\",\"isPartOf\":{\"@id\":\"https:\/\/vsbyggskruv.se\/no\/#website\"},\"datePublished\":\"2017-06-15T08:50:52+00:00\",\"dateModified\":\"2023-11-16T14:24:05+00:00\",\"breadcrumb\":{\"@id\":\"https:\/\/vsbyggskruv.se\/no\/varemerken\/byggladan\/#breadcrumb\"},\"inLanguage\":\"nb-NO\",\"potentialAction\":[{\"@type\":\"ReadAction\",\"target\":[\"https:\/\/vsbyggskruv.se\/no\/varemerken\/byggladan\/\"]}]},{\"@type\":\"BreadcrumbList\",\"@id\":\"https:\/\/vsbyggskruv.se\/no\/varemerken\/byggladan\/#breadcrumb\",\"itemListElement\":[{\"@type\":\"ListItem\",\"position\":1,\"name\":\"VSB\",\"item\":\"https:\/\/vsbyggskruv.se\/no\/\"},{\"@type\":\"ListItem\",\"position\":2,\"name\":\"Varemerken\",\"item\":\"https:\/\/vsbyggskruv.se\/no\/varemerken\/\"},{\"@type\":\"ListItem\",\"position\":3,\"name\":\"Byggl\u00e5dan\"}]},{\"@type\":\"WebSite\",\"@id\":\"https:\/\/vsbyggskruv.se\/no\/#website\",\"url\":\"https:\/\/vsbyggskruv.se\/no\/\",\"name\":\"V\u00e4stsvensk Byggskruv\",\"description\":\"V\u00e4stsvensk Byggskruv AB har spesialisert seg p\u00e5 skruer og innfesting\",\"publisher\":{\"@id\":\"https:\/\/vsbyggskruv.se\/no\/#organization\"},\"potentialAction\":[{\"@type\":\"SearchAction\",\"target\":{\"@type\":\"EntryPoint\",\"urlTemplate\":\"https:\/\/vsbyggskruv.se\/no\/?s={search_term_string}\"},\"query-input\":\"required name=search_term_string\"}],\"inLanguage\":\"nb-NO\"},{\"@type\":\"Organization\",\"@id\":\"https:\/\/vsbyggskruv.se\/no\/#organization\",\"name\":\"V\u00e4stsvensk Byggskruv AB\",\"url\":\"https:\/\/vsbyggskruv.se\/no\/\",\"logo\":{\"@type\":\"ImageObject\",\"inLanguage\":\"nb-NO\",\"@id\":\"https:\/\/vsbyggskruv.se\/no\/#\/schema\/logo\/image\/\",\"url\":\"https:\/\/vsbyggskruv.se\/wp-content\/uploads\/2017\/05\/logo.png\",\"contentUrl\":\"https:\/\/vsbyggskruv.se\/wp-content\/uploads\/2017\/05\/logo.png\",\"width\":174,\"height\":75,\"caption\":\"V\u00e4stsvensk Byggskruv AB\"},\"image\":{\"@id\":\"https:\/\/vsbyggskruv.se\/no\/#\/schema\/logo\/image\/\"}}]}<\/script>\n<!-- \/ Yoast SEO plugin. -->","yoast_head_json":{"title":"Byggl\u00e5dan - V\u00e4stsvensk Byggskruv","robots":{"index":"index","follow":"follow","max-snippet":"max-snippet:-1","max-image-preview":"max-image-preview:large","max-video-preview":"max-video-preview:-1"},"canonical":"https:\/\/vsbyggskruv.se\/no\/varemerken\/byggladan\/","og_locale":"nb_NO","og_type":"article","og_title":"Byggl\u00e5dan - V\u00e4stsvensk Byggskruv","og_description":"Byggl\u00e5dan er en oppbevaringskoffert utviklet og m\u00e5ltilpasset for \u00e5 fungere sammen med hele VSBs produktsortiment innenfor innfesting. Med Byggl\u00e5dans smarte oppbygning og oversikten kofferten gir, forenkler den enhver h\u00e5ndverkers hverdag. [&hellip;]","og_url":"https:\/\/vsbyggskruv.se\/no\/varemerken\/byggladan\/","og_site_name":"V\u00e4stsvensk Byggskruv","article_modified_time":"2023-11-16T14:24:05+00:00","twitter_card":"summary_large_image","twitter_misc":{"Ansl. lesetid":"1 minutt"},"schema":{"@context":"https:\/\/schema.org","@graph":[{"@type":"WebPage","@id":"https:\/\/vsbyggskruv.se\/no\/varemerken\/byggladan\/","url":"https:\/\/vsbyggskruv.se\/no\/varemerken\/byggladan\/","name":"Byggl\u00e5dan - V\u00e4stsvensk Byggskruv","isPartOf":{"@id":"https:\/\/vsbyggskruv.se\/no\/#website"},"datePublished":"2017-06-15T08:50:52+00:00","dateModified":"2023-11-16T14:24:05+00:00","breadcrumb":{"@id":"https:\/\/vsbyggskruv.se\/no\/varemerken\/byggladan\/#breadcrumb"},"inLanguage":"nb-NO","potentialAction":[{"@type":"ReadAction","target":["https:\/\/vsbyggskruv.se\/no\/varemerken\/byggladan\/"]}]},{"@type":"BreadcrumbList","@id":"https:\/\/vsbyggskruv.se\/no\/varemerken\/byggladan\/#breadcrumb","itemListElement":[{"@type":"ListItem","position":1,"name":"VSB","item":"https:\/\/vsbyggskruv.se\/no\/"},{"@type":"ListItem","position":2,"name":"Varemerken","item":"https:\/\/vsbyggskruv.se\/no\/varemerken\/"},{"@type":"ListItem","position":3,"name":"Byggl\u00e5dan"}]},{"@type":"WebSite","@id":"https:\/\/vsbyggskruv.se\/no\/#website","url":"https:\/\/vsbyggskruv.se\/no\/","name":"V\u00e4stsvensk Byggskruv","description":"V\u00e4stsvensk Byggskruv AB har spesialisert seg p\u00e5 skruer og innfesting","publisher":{"@id":"https:\/\/vsbyggskruv.se\/no\/#organization"},"potentialAction":[{"@type":"SearchAction","target":{"@type":"EntryPoint","urlTemplate":"https:\/\/vsbyggskruv.se\/no\/?s={search_term_string}"},"query-input":"required name=search_term_string"}],"inLanguage":"nb-NO"},{"@type":"Organization","@id":"https:\/\/vsbyggskruv.se\/no\/#organization","name":"V\u00e4stsvensk Byggskruv AB","url":"https:\/\/vsbyggskruv.se\/no\/","logo":{"@type":"ImageObject","inLanguage":"nb-NO","@id":"https:\/\/vsbyggskruv.se\/no\/#\/schema\/logo\/image\/","url":"https:\/\/vsbyggskruv.se\/wp-content\/uploads\/2017\/05\/logo.png","contentUrl":"https:\/\/vsbyggskruv.se\/wp-content\/uploads\/2017\/05\/logo.png","width":174,"height":75,"caption":"V\u00e4stsvensk Byggskruv AB"},"image":{"@id":"https:\/\/vsbyggskruv.se\/no\/#\/schema\/logo\/image\/"}}]}},"_links":{"self":[{"href":"https:\/\/vsbyggskruv.se\/no\/wp-json\/wp\/v2\/pages\/7090"}],"collection":[{"href":"https:\/\/vsbyggskruv.se\/no\/wp-json\/wp\/v2\/pages"}],"about":[{"href":"https:\/\/vsbyggskruv.se\/no\/wp-json\/wp\/v2\/types\/page"}],"author":[{"embeddable":true,"href":"https:\/\/vsbyggskruv.se\/no\/wp-json\/wp\/v2\/users\/1"}],"replies":[{"embeddable":true,"href":"https:\/\/vsbyggskruv.se\/no\/wp-json\/wp\/v2\/comments?post=7090"}],"version-history":[{"count":4,"href":"https:\/\/vsbyggskruv.se\/no\/wp-json\/wp\/v2\/pages\/7090\/revisions"}],"predecessor-version":[{"id":7863,"href":"https:\/\/vsbyggskruv.se\/no\/wp-json\/wp\/v2\/pages\/7090\/revisions\/7863"}],"up":[{"embeddable":true,"href":"https:\/\/vsbyggskruv.se\/no\/wp-json\/wp\/v2\/pages\/7066"}],"wp:attachment":[{"href":"https:\/\/vsbyggskruv.se\/no\/wp-json\/wp\/v2\/media?parent=7090"}],"curies":[{"name":"wp","href":"https:\/\/api.w.org\/{rel}","templated":true}]}}