{"id":7099,"date":"2017-06-15T09:18:42","date_gmt":"2017-06-15T07:18:42","guid":{"rendered":"https:\/\/vsbyggskruv.se\/varemerken\/thonic-inspektionsluckor\/"},"modified":"2024-09-05T15:24:21","modified_gmt":"2024-09-05T13:24:21","slug":"thonic-inspeksjonsluker","status":"publish","type":"page","link":"https:\/\/vsbyggskruv.se\/no\/varemerken\/thonic-inspeksjonsluker\/","title":{"rendered":"Thonic Inspeksjonsluker"},"content":{"rendered":"<h2>Thonic Inspeksjonsluker f\u00e5s i flere ulike utf\u00f8relser og kan ogs\u00e5 spesialbestilles ut fra egne m\u00e5l, valgfri farge og med ekstra tilbeh\u00f8r som hengsler og l\u00e5s. Lukene har h\u00f8y finish b\u00e5de n\u00e5r det gjelder passform og overflatebehandling. Og dessuten markedets raskeste montering!<\/h2>\n<p>Alle Thonic inspeksjonsluker produseres av velpr\u00f8vd MDF-board \u2013 et slitesterkt og milj\u00f8vennlig platemateriale. At man dessuten etterstreber milj\u00f8vennlige farger og r\u00e5materialer i produksjonen gj\u00f8r at luken kjennes riktig \u00e5 bruke av flere grunner.<\/p>\n","protected":false},"excerpt":{"rendered":"<p>Thonic Inspeksjonsluker f\u00e5s i flere ulike utf\u00f8relser og kan ogs\u00e5 spesialbestilles ut fra egne m\u00e5l, valgfri farge og med ekstra tilbeh\u00f8r som hengsler og l\u00e5s. Lukene har h\u00f8y finish b\u00e5de [&hellip;]<\/p>\n","protected":false},"author":1,"featured_media":0,"parent":7066,"menu_order":0,"comment_status":"closed","ping_status":"closed","template":"page-tpl-thonic.php","meta":{"footnotes":""},"acf":[],"yoast_head":"<!-- This site is optimized with the Yoast SEO plugin v21.9.1 - https:\/\/yoast.com\/wordpress\/plugins\/seo\/ -->\n<title>Thonic Inspeksjonsluker - V\u00e4stsvensk Byggskruv<\/title>\n<meta name=\"robots\" content=\"index, follow, max-snippet:-1, max-image-preview:large, max-video-preview:-1\" \/>\n<link rel=\"canonical\" href=\"https:\/\/vsbyggskruv.se\/no\/varemerken\/thonic-inspeksjonsluker\/\" \/>\n<meta property=\"og:locale\" content=\"nb_NO\" \/>\n<meta property=\"og:type\" content=\"article\" \/>\n<meta property=\"og:title\" content=\"Thonic Inspeksjonsluker - V\u00e4stsvensk Byggskruv\" \/>\n<meta property=\"og:description\" content=\"Thonic Inspeksjonsluker f\u00e5s i flere ulike utf\u00f8relser og kan ogs\u00e5 spesialbestilles ut fra egne m\u00e5l, valgfri farge og med ekstra tilbeh\u00f8r som hengsler og l\u00e5s. Lukene har h\u00f8y finish b\u00e5de [&hellip;]\" \/>\n<meta property=\"og:url\" content=\"https:\/\/vsbyggskruv.se\/no\/varemerken\/thonic-inspeksjonsluker\/\" \/>\n<meta property=\"og:site_name\" content=\"V\u00e4stsvensk Byggskruv\" \/>\n<meta property=\"article:modified_time\" content=\"2024-09-05T13:24:21+00:00\" \/>\n<meta name=\"twitter:card\" content=\"summary_large_image\" \/>\n<meta name=\"twitter:label1\" content=\"Ansl. lesetid\" \/>\n\t<meta name=\"twitter:data1\" content=\"1 minutt\" \/>\n<script type=\"application\/ld+json\" class=\"yoast-schema-graph\">{\"@context\":\"https:\/\/schema.org\",\"@graph\":[{\"@type\":\"WebPage\",\"@id\":\"https:\/\/vsbyggskruv.se\/no\/varemerken\/thonic-inspeksjonsluker\/\",\"url\":\"https:\/\/vsbyggskruv.se\/no\/varemerken\/thonic-inspeksjonsluker\/\",\"name\":\"Thonic Inspeksjonsluker - V\u00e4stsvensk Byggskruv\",\"isPartOf\":{\"@id\":\"https:\/\/vsbyggskruv.se\/no\/#website\"},\"datePublished\":\"2017-06-15T07:18:42+00:00\",\"dateModified\":\"2024-09-05T13:24:21+00:00\",\"breadcrumb\":{\"@id\":\"https:\/\/vsbyggskruv.se\/no\/varemerken\/thonic-inspeksjonsluker\/#breadcrumb\"},\"inLanguage\":\"nb-NO\",\"potentialAction\":[{\"@type\":\"ReadAction\",\"target\":[\"https:\/\/vsbyggskruv.se\/no\/varemerken\/thonic-inspeksjonsluker\/\"]}]},{\"@type\":\"BreadcrumbList\",\"@id\":\"https:\/\/vsbyggskruv.se\/no\/varemerken\/thonic-inspeksjonsluker\/#breadcrumb\",\"itemListElement\":[{\"@type\":\"ListItem\",\"position\":1,\"name\":\"VSB\",\"item\":\"https:\/\/vsbyggskruv.se\/no\/\"},{\"@type\":\"ListItem\",\"position\":2,\"name\":\"Varemerken\",\"item\":\"https:\/\/vsbyggskruv.se\/no\/varemerken\/\"},{\"@type\":\"ListItem\",\"position\":3,\"name\":\"Thonic Inspeksjonsluker\"}]},{\"@type\":\"WebSite\",\"@id\":\"https:\/\/vsbyggskruv.se\/no\/#website\",\"url\":\"https:\/\/vsbyggskruv.se\/no\/\",\"name\":\"V\u00e4stsvensk Byggskruv\",\"description\":\"V\u00e4stsvensk Byggskruv AB har spesialisert seg p\u00e5 skruer og innfesting\",\"publisher\":{\"@id\":\"https:\/\/vsbyggskruv.se\/no\/#organization\"},\"potentialAction\":[{\"@type\":\"SearchAction\",\"target\":{\"@type\":\"EntryPoint\",\"urlTemplate\":\"https:\/\/vsbyggskruv.se\/no\/?s={search_term_string}\"},\"query-input\":\"required name=search_term_string\"}],\"inLanguage\":\"nb-NO\"},{\"@type\":\"Organization\",\"@id\":\"https:\/\/vsbyggskruv.se\/no\/#organization\",\"name\":\"V\u00e4stsvensk Byggskruv AB\",\"url\":\"https:\/\/vsbyggskruv.se\/no\/\",\"logo\":{\"@type\":\"ImageObject\",\"inLanguage\":\"nb-NO\",\"@id\":\"https:\/\/vsbyggskruv.se\/no\/#\/schema\/logo\/image\/\",\"url\":\"https:\/\/vsbyggskruv.se\/wp-content\/uploads\/2017\/05\/logo.png\",\"contentUrl\":\"https:\/\/vsbyggskruv.se\/wp-content\/uploads\/2017\/05\/logo.png\",\"width\":174,\"height\":75,\"caption\":\"V\u00e4stsvensk Byggskruv AB\"},\"image\":{\"@id\":\"https:\/\/vsbyggskruv.se\/no\/#\/schema\/logo\/image\/\"}}]}<\/script>\n<!-- \/ Yoast SEO plugin. -->","yoast_head_json":{"title":"Thonic Inspeksjonsluker - V\u00e4stsvensk Byggskruv","robots":{"index":"index","follow":"follow","max-snippet":"max-snippet:-1","max-image-preview":"max-image-preview:large","max-video-preview":"max-video-preview:-1"},"canonical":"https:\/\/vsbyggskruv.se\/no\/varemerken\/thonic-inspeksjonsluker\/","og_locale":"nb_NO","og_type":"article","og_title":"Thonic Inspeksjonsluker - V\u00e4stsvensk Byggskruv","og_description":"Thonic Inspeksjonsluker f\u00e5s i flere ulike utf\u00f8relser og kan ogs\u00e5 spesialbestilles ut fra egne m\u00e5l, valgfri farge og med ekstra tilbeh\u00f8r som hengsler og l\u00e5s. Lukene har h\u00f8y finish b\u00e5de [&hellip;]","og_url":"https:\/\/vsbyggskruv.se\/no\/varemerken\/thonic-inspeksjonsluker\/","og_site_name":"V\u00e4stsvensk Byggskruv","article_modified_time":"2024-09-05T13:24:21+00:00","twitter_card":"summary_large_image","twitter_misc":{"Ansl. lesetid":"1 minutt"},"schema":{"@context":"https:\/\/schema.org","@graph":[{"@type":"WebPage","@id":"https:\/\/vsbyggskruv.se\/no\/varemerken\/thonic-inspeksjonsluker\/","url":"https:\/\/vsbyggskruv.se\/no\/varemerken\/thonic-inspeksjonsluker\/","name":"Thonic Inspeksjonsluker - V\u00e4stsvensk Byggskruv","isPartOf":{"@id":"https:\/\/vsbyggskruv.se\/no\/#website"},"datePublished":"2017-06-15T07:18:42+00:00","dateModified":"2024-09-05T13:24:21+00:00","breadcrumb":{"@id":"https:\/\/vsbyggskruv.se\/no\/varemerken\/thonic-inspeksjonsluker\/#breadcrumb"},"inLanguage":"nb-NO","potentialAction":[{"@type":"ReadAction","target":["https:\/\/vsbyggskruv.se\/no\/varemerken\/thonic-inspeksjonsluker\/"]}]},{"@type":"BreadcrumbList","@id":"https:\/\/vsbyggskruv.se\/no\/varemerken\/thonic-inspeksjonsluker\/#breadcrumb","itemListElement":[{"@type":"ListItem","position":1,"name":"VSB","item":"https:\/\/vsbyggskruv.se\/no\/"},{"@type":"ListItem","position":2,"name":"Varemerken","item":"https:\/\/vsbyggskruv.se\/no\/varemerken\/"},{"@type":"ListItem","position":3,"name":"Thonic Inspeksjonsluker"}]},{"@type":"WebSite","@id":"https:\/\/vsbyggskruv.se\/no\/#website","url":"https:\/\/vsbyggskruv.se\/no\/","name":"V\u00e4stsvensk Byggskruv","description":"V\u00e4stsvensk Byggskruv AB har spesialisert seg p\u00e5 skruer og innfesting","publisher":{"@id":"https:\/\/vsbyggskruv.se\/no\/#organization"},"potentialAction":[{"@type":"SearchAction","target":{"@type":"EntryPoint","urlTemplate":"https:\/\/vsbyggskruv.se\/no\/?s={search_term_string}"},"query-input":"required name=search_term_string"}],"inLanguage":"nb-NO"},{"@type":"Organization","@id":"https:\/\/vsbyggskruv.se\/no\/#organization","name":"V\u00e4stsvensk Byggskruv AB","url":"https:\/\/vsbyggskruv.se\/no\/","logo":{"@type":"ImageObject","inLanguage":"nb-NO","@id":"https:\/\/vsbyggskruv.se\/no\/#\/schema\/logo\/image\/","url":"https:\/\/vsbyggskruv.se\/wp-content\/uploads\/2017\/05\/logo.png","contentUrl":"https:\/\/vsbyggskruv.se\/wp-content\/uploads\/2017\/05\/logo.png","width":174,"height":75,"caption":"V\u00e4stsvensk Byggskruv AB"},"image":{"@id":"https:\/\/vsbyggskruv.se\/no\/#\/schema\/logo\/image\/"}}]}},"_links":{"self":[{"href":"https:\/\/vsbyggskruv.se\/no\/wp-json\/wp\/v2\/pages\/7099"}],"collection":[{"href":"https:\/\/vsbyggskruv.se\/no\/wp-json\/wp\/v2\/pages"}],"about":[{"href":"https:\/\/vsbyggskruv.se\/no\/wp-json\/wp\/v2\/types\/page"}],"author":[{"embeddable":true,"href":"https:\/\/vsbyggskruv.se\/no\/wp-json\/wp\/v2\/users\/1"}],"replies":[{"embeddable":true,"href":"https:\/\/vsbyggskruv.se\/no\/wp-json\/wp\/v2\/comments?post=7099"}],"version-history":[{"count":7,"href":"https:\/\/vsbyggskruv.se\/no\/wp-json\/wp\/v2\/pages\/7099\/revisions"}],"predecessor-version":[{"id":8736,"href":"https:\/\/vsbyggskruv.se\/no\/wp-json\/wp\/v2\/pages\/7099\/revisions\/8736"}],"up":[{"embeddable":true,"href":"https:\/\/vsbyggskruv.se\/no\/wp-json\/wp\/v2\/pages\/7066"}],"wp:attachment":[{"href":"https:\/\/vsbyggskruv.se\/no\/wp-json\/wp\/v2\/media?parent=7099"}],"curies":[{"name":"wp","href":"https:\/\/api.w.org\/{rel}","templated":true}]}}