{"id":7116,"date":"2017-11-08T11:46:03","date_gmt":"2017-11-08T10:46:03","guid":{"rendered":"https:\/\/vsbyggskruv.se\/varemerken\/zincotech\/"},"modified":"2026-03-13T12:39:21","modified_gmt":"2026-03-13T11:39:21","slug":"zincotech","status":"publish","type":"page","link":"https:\/\/vsbyggskruv.se\/no\/varemerken\/zincotech\/","title":{"rendered":"Zincotech"},"content":{"rendered":"<h2>Zincotech<span class=\"r\">\u00ae<\/span> \u2013 Effektive overflatebehandlinger for ublide utend\u00f8rsmilj\u00f8er<\/h2>\n<p>VSB har i dag stort sett alle skruer til utvendig bruk, overflatebehandlet med Zincotech\u00ae, en korrosjonsbeskyttelse som t\u00e5ler t\u00f8ffe utend\u00f8rsmilj\u00f8er og impregneringsmidlet som finnes i trykkimpregnert treverk.<br \/>\nZincotech\u00aeAu og Zincotech\u00aeAg best\u00e5r kravene til korrosivitetsklasse C4 (RISE rapport SP PX14769).<\/p>\n<div class=\"col-md-9 col-sm-12 korrosivitet-top\">\n<h3 class=\"brand-feature-title\">Korrosivitetsklasser.<\/h3>\n<p>Korrosivitetsklasser er en inndeling av ulike omgivelser basert p\u00e5 den grad av korrosjon, korrosjon per tidsenhet, metaller kan forventes \u00e5 bli utsatt for i de omgivelsene.<\/p>\n<\/div>\n","protected":false},"excerpt":{"rendered":"<p>Zincotech\u00ae \u2013 Effektive overflatebehandlinger for ublide utend\u00f8rsmilj\u00f8er VSB har i dag stort sett alle skruer til utvendig bruk, overflatebehandlet med Zincotech\u00ae, en korrosjonsbeskyttelse som t\u00e5ler t\u00f8ffe utend\u00f8rsmilj\u00f8er og impregneringsmidlet som [&hellip;]<\/p>\n","protected":false},"author":1,"featured_media":0,"parent":7066,"menu_order":0,"comment_status":"closed","ping_status":"closed","template":"page-tpl-byggladan.php","meta":{"footnotes":""},"acf":[],"yoast_head":"<!-- This site is optimized with the Yoast SEO plugin v21.9.1 - https:\/\/yoast.com\/wordpress\/plugins\/seo\/ -->\n<title>Zincotech - V\u00e4stsvensk Byggskruv<\/title>\n<meta name=\"robots\" content=\"index, follow, max-snippet:-1, max-image-preview:large, max-video-preview:-1\" \/>\n<link rel=\"canonical\" href=\"https:\/\/vsbyggskruv.se\/no\/varemerken\/zincotech\/\" \/>\n<meta property=\"og:locale\" content=\"nb_NO\" \/>\n<meta property=\"og:type\" content=\"article\" \/>\n<meta property=\"og:title\" content=\"Zincotech - V\u00e4stsvensk Byggskruv\" \/>\n<meta property=\"og:description\" content=\"Zincotech\u00ae \u2013 Effektive overflatebehandlinger for ublide utend\u00f8rsmilj\u00f8er VSB har i dag stort sett alle skruer til utvendig bruk, overflatebehandlet med Zincotech\u00ae, en korrosjonsbeskyttelse som t\u00e5ler t\u00f8ffe utend\u00f8rsmilj\u00f8er og impregneringsmidlet som [&hellip;]\" \/>\n<meta property=\"og:url\" content=\"https:\/\/vsbyggskruv.se\/no\/varemerken\/zincotech\/\" \/>\n<meta property=\"og:site_name\" content=\"V\u00e4stsvensk Byggskruv\" \/>\n<meta property=\"article:modified_time\" content=\"2026-03-13T11:39:21+00:00\" \/>\n<meta name=\"twitter:card\" content=\"summary_large_image\" \/>\n<meta name=\"twitter:label1\" content=\"Ansl. lesetid\" \/>\n\t<meta name=\"twitter:data1\" content=\"1 minutt\" \/>\n<script type=\"application\/ld+json\" class=\"yoast-schema-graph\">{\"@context\":\"https:\/\/schema.org\",\"@graph\":[{\"@type\":\"WebPage\",\"@id\":\"https:\/\/vsbyggskruv.se\/no\/varemerken\/zincotech\/\",\"url\":\"https:\/\/vsbyggskruv.se\/no\/varemerken\/zincotech\/\",\"name\":\"Zincotech - V\u00e4stsvensk Byggskruv\",\"isPartOf\":{\"@id\":\"https:\/\/vsbyggskruv.se\/no\/#website\"},\"datePublished\":\"2017-11-08T10:46:03+00:00\",\"dateModified\":\"2026-03-13T11:39:21+00:00\",\"breadcrumb\":{\"@id\":\"https:\/\/vsbyggskruv.se\/no\/varemerken\/zincotech\/#breadcrumb\"},\"inLanguage\":\"nb-NO\",\"potentialAction\":[{\"@type\":\"ReadAction\",\"target\":[\"https:\/\/vsbyggskruv.se\/no\/varemerken\/zincotech\/\"]}]},{\"@type\":\"BreadcrumbList\",\"@id\":\"https:\/\/vsbyggskruv.se\/no\/varemerken\/zincotech\/#breadcrumb\",\"itemListElement\":[{\"@type\":\"ListItem\",\"position\":1,\"name\":\"VSB\",\"item\":\"https:\/\/vsbyggskruv.se\/no\/\"},{\"@type\":\"ListItem\",\"position\":2,\"name\":\"Varemerken\",\"item\":\"https:\/\/vsbyggskruv.se\/no\/varemerken\/\"},{\"@type\":\"ListItem\",\"position\":3,\"name\":\"Zincotech\"}]},{\"@type\":\"WebSite\",\"@id\":\"https:\/\/vsbyggskruv.se\/no\/#website\",\"url\":\"https:\/\/vsbyggskruv.se\/no\/\",\"name\":\"V\u00e4stsvensk Byggskruv\",\"description\":\"V\u00e4stsvensk Byggskruv AB har spesialisert seg p\u00e5 skruer og innfesting\",\"publisher\":{\"@id\":\"https:\/\/vsbyggskruv.se\/no\/#organization\"},\"potentialAction\":[{\"@type\":\"SearchAction\",\"target\":{\"@type\":\"EntryPoint\",\"urlTemplate\":\"https:\/\/vsbyggskruv.se\/no\/?s={search_term_string}\"},\"query-input\":\"required name=search_term_string\"}],\"inLanguage\":\"nb-NO\"},{\"@type\":\"Organization\",\"@id\":\"https:\/\/vsbyggskruv.se\/no\/#organization\",\"name\":\"V\u00e4stsvensk Byggskruv AB\",\"url\":\"https:\/\/vsbyggskruv.se\/no\/\",\"logo\":{\"@type\":\"ImageObject\",\"inLanguage\":\"nb-NO\",\"@id\":\"https:\/\/vsbyggskruv.se\/no\/#\/schema\/logo\/image\/\",\"url\":\"https:\/\/vsbyggskruv.se\/wp-content\/uploads\/2017\/05\/logo.png\",\"contentUrl\":\"https:\/\/vsbyggskruv.se\/wp-content\/uploads\/2017\/05\/logo.png\",\"width\":174,\"height\":75,\"caption\":\"V\u00e4stsvensk Byggskruv AB\"},\"image\":{\"@id\":\"https:\/\/vsbyggskruv.se\/no\/#\/schema\/logo\/image\/\"}}]}<\/script>\n<!-- \/ Yoast SEO plugin. -->","yoast_head_json":{"title":"Zincotech - V\u00e4stsvensk Byggskruv","robots":{"index":"index","follow":"follow","max-snippet":"max-snippet:-1","max-image-preview":"max-image-preview:large","max-video-preview":"max-video-preview:-1"},"canonical":"https:\/\/vsbyggskruv.se\/no\/varemerken\/zincotech\/","og_locale":"nb_NO","og_type":"article","og_title":"Zincotech - V\u00e4stsvensk Byggskruv","og_description":"Zincotech\u00ae \u2013 Effektive overflatebehandlinger for ublide utend\u00f8rsmilj\u00f8er VSB har i dag stort sett alle skruer til utvendig bruk, overflatebehandlet med Zincotech\u00ae, en korrosjonsbeskyttelse som t\u00e5ler t\u00f8ffe utend\u00f8rsmilj\u00f8er og impregneringsmidlet som [&hellip;]","og_url":"https:\/\/vsbyggskruv.se\/no\/varemerken\/zincotech\/","og_site_name":"V\u00e4stsvensk Byggskruv","article_modified_time":"2026-03-13T11:39:21+00:00","twitter_card":"summary_large_image","twitter_misc":{"Ansl. lesetid":"1 minutt"},"schema":{"@context":"https:\/\/schema.org","@graph":[{"@type":"WebPage","@id":"https:\/\/vsbyggskruv.se\/no\/varemerken\/zincotech\/","url":"https:\/\/vsbyggskruv.se\/no\/varemerken\/zincotech\/","name":"Zincotech - V\u00e4stsvensk Byggskruv","isPartOf":{"@id":"https:\/\/vsbyggskruv.se\/no\/#website"},"datePublished":"2017-11-08T10:46:03+00:00","dateModified":"2026-03-13T11:39:21+00:00","breadcrumb":{"@id":"https:\/\/vsbyggskruv.se\/no\/varemerken\/zincotech\/#breadcrumb"},"inLanguage":"nb-NO","potentialAction":[{"@type":"ReadAction","target":["https:\/\/vsbyggskruv.se\/no\/varemerken\/zincotech\/"]}]},{"@type":"BreadcrumbList","@id":"https:\/\/vsbyggskruv.se\/no\/varemerken\/zincotech\/#breadcrumb","itemListElement":[{"@type":"ListItem","position":1,"name":"VSB","item":"https:\/\/vsbyggskruv.se\/no\/"},{"@type":"ListItem","position":2,"name":"Varemerken","item":"https:\/\/vsbyggskruv.se\/no\/varemerken\/"},{"@type":"ListItem","position":3,"name":"Zincotech"}]},{"@type":"WebSite","@id":"https:\/\/vsbyggskruv.se\/no\/#website","url":"https:\/\/vsbyggskruv.se\/no\/","name":"V\u00e4stsvensk Byggskruv","description":"V\u00e4stsvensk Byggskruv AB har spesialisert seg p\u00e5 skruer og innfesting","publisher":{"@id":"https:\/\/vsbyggskruv.se\/no\/#organization"},"potentialAction":[{"@type":"SearchAction","target":{"@type":"EntryPoint","urlTemplate":"https:\/\/vsbyggskruv.se\/no\/?s={search_term_string}"},"query-input":"required name=search_term_string"}],"inLanguage":"nb-NO"},{"@type":"Organization","@id":"https:\/\/vsbyggskruv.se\/no\/#organization","name":"V\u00e4stsvensk Byggskruv AB","url":"https:\/\/vsbyggskruv.se\/no\/","logo":{"@type":"ImageObject","inLanguage":"nb-NO","@id":"https:\/\/vsbyggskruv.se\/no\/#\/schema\/logo\/image\/","url":"https:\/\/vsbyggskruv.se\/wp-content\/uploads\/2017\/05\/logo.png","contentUrl":"https:\/\/vsbyggskruv.se\/wp-content\/uploads\/2017\/05\/logo.png","width":174,"height":75,"caption":"V\u00e4stsvensk Byggskruv AB"},"image":{"@id":"https:\/\/vsbyggskruv.se\/no\/#\/schema\/logo\/image\/"}}]}},"_links":{"self":[{"href":"https:\/\/vsbyggskruv.se\/no\/wp-json\/wp\/v2\/pages\/7116"}],"collection":[{"href":"https:\/\/vsbyggskruv.se\/no\/wp-json\/wp\/v2\/pages"}],"about":[{"href":"https:\/\/vsbyggskruv.se\/no\/wp-json\/wp\/v2\/types\/page"}],"author":[{"embeddable":true,"href":"https:\/\/vsbyggskruv.se\/no\/wp-json\/wp\/v2\/users\/1"}],"replies":[{"embeddable":true,"href":"https:\/\/vsbyggskruv.se\/no\/wp-json\/wp\/v2\/comments?post=7116"}],"version-history":[{"count":4,"href":"https:\/\/vsbyggskruv.se\/no\/wp-json\/wp\/v2\/pages\/7116\/revisions"}],"predecessor-version":[{"id":9090,"href":"https:\/\/vsbyggskruv.se\/no\/wp-json\/wp\/v2\/pages\/7116\/revisions\/9090"}],"up":[{"embeddable":true,"href":"https:\/\/vsbyggskruv.se\/no\/wp-json\/wp\/v2\/pages\/7066"}],"wp:attachment":[{"href":"https:\/\/vsbyggskruv.se\/no\/wp-json\/wp\/v2\/media?parent=7116"}],"curies":[{"name":"wp","href":"https:\/\/api.w.org\/{rel}","templated":true}]}}