{"id":7143,"date":"2018-05-24T15:31:02","date_gmt":"2018-05-24T13:31:02","guid":{"rendered":"https:\/\/vsbyggskruv.se\/om-vsb\/integritetspolicy\/"},"modified":"2026-01-14T11:07:01","modified_gmt":"2026-01-14T10:07:01","slug":"personvernerklaering","status":"publish","type":"page","link":"https:\/\/vsbyggskruv.se\/no\/om-vsb\/personvernerklaering\/","title":{"rendered":"Personvernerkl\u00e6ring"},"content":{"rendered":"<p>Vi i VSB etterstreber alltid et h\u00f8yt niv\u00e5. Ikke minst n\u00e5r det gjelder datasikkerhet og personvern. For at du skal f\u00f8le deg trygg og vite hvordan vi innhenter og bruker personopplysninger, finner du v\u00e5r personvernerkl\u00e6ring her.\u00a0Erkl\u00e6ringen beskriver dine rettigheter og hvordan du kan gj\u00f8re dem gjeldende.<br \/>\nHar du fremdeles sp\u00f8rsm\u00e5l?\u00a0Ta gjerne kontakt!<\/p>\n<div class=\"animated\"><img decoding=\"async\" src=\"https:\/\/vsbyggskruv.se\/wp-content\/uploads\/2018\/05\/Integritetspolicy.jpg\" alt=\"VSB Integritetspolicy\" \/><\/div>\n<div id=\"integritetspolicy\">\n<h3>Parter og ansvar for behandlingen av dine personopplysninger<\/h3>\n<p>V\u00e4stsvensk Byggskruv AB, organisasjonsnummer: 556243-3440, med adresse: V\u00e4vlagargatan 7, SE-507 30 Br\u00e4mhult, Sverige (nedenfor kalt VSB), er personopplysningsansvarlig for behandlingen av personopplysninger som skjer innenfor rammene for foretakets virksomhet.<br \/>\n<span class=\"indrag\">\u00a0<\/span>Hos VSB er vi opptatt av personvern og etterstreber alltid et h\u00f8yt datasikringsniv\u00e5. I denne personvernerkl\u00e6ringen forklarer vi hvordan vi samler inn og bruker personopplysninger. Den beskriver ogs\u00e5 dine rettigheter og hvordan du kan gj\u00f8re dem gjeldende. Det er viktig at du tar del av og forst\u00e5r personvernerkl\u00e6ringen og f\u00f8ler deg trygg i v\u00e5r behandling av dine personopplysninger. Du er alltid velkommen til \u00e5 kontakte oss ved eventuelle sp\u00f8rsm\u00e5l.<\/p>\n<h3>Hvilke personopplysninger vi behandler og hvorfor<\/h3>\n<p>For at foretaket skal kunne bedrive sin virksomhet, behandles personopplysninger til ulike form\u00e5l knyttet til virksomheten.<br \/>\n<span class=\"indrag\">\u00a0<\/span>Vi samler inn bedriftsinformasjon og personopplysninger i form av navn, tittel og kontaktopplysninger, for \u00e5 kunne oppfylle inng\u00e5tte kundeavtaler og p\u00e5 grunn av lovkrav, for eksempel v\u00e5re forpliktelser if\u00f8lge bokf\u00f8rings- og skattelovgivningen.<br \/>\n<span class=\"indrag\">\u00a0<\/span>Hvis du benytter v\u00e5r utdanningsportal henter vi ogs\u00e5 inn personopplysninger i form av p\u00e5loggingsopplysninger, bruker-ID, IP-adresse, informasjon om hvilke utdanninger du har gjennomf\u00f8rt, bruksatferd, statistikk og kr\u00e6sjrapporter for feils\u00f8kinger. I utdanningsportalen behandler vi personopplysninger for \u00e5 gi deg tilgang til utdanningsportalen og utdanningene for \u00e5 f\u00f8re statistikk og utvikle portalen. Dette skjer basert p\u00e5 v\u00e5r berettigede interesse. Med henvisning til interesseavveiing samler vi ogs\u00e5 inn foretaksinformasjon og personopplysninger i informasjons- og markedf\u00f8rings-\u00f8yemed. Alt for blant annet \u00e5 kunne kommunisere riktig informasjon til riktig person innenfor din organisasjon via telefon, sms, post og e-post samt for at vi skal kunne bes\u00f8ke deg og levere bestilte varer.<\/p>\n<h3>Innsamling av nettstatistikk<\/h3>\n<p>VSB benytter seg av s\u00e5kalte informasjonskapsler fra Google Analytics p\u00e5 <a href=\"https:\/\/vsbyggskruv.se\/no\/\">vsbyggskruv.se<\/a>.<\/p>\n<p>En informasjonskapsel er en liten tekstfil som sendes til og lagres p\u00e5 din PC, mobiltelefon eller nettbrett n\u00e5r du bes\u00f8ker v\u00e5rt nettsted. Det er to typer informasjonskapsler \u2013 permanente og midlertidige (session-cookies). Permanente informasjonskapsler lagres til du selv, eller serveren som har sendt dem, sletter dem. Session-cookies lagres midlertidig og forsvinner n\u00e5r du lukker nettleseren din. Vi bruker informasjonskapsler p\u00e5 <a href=\"https:\/\/vsbyggskruv.se\/no\/\">vsbyggskruv.se<\/a>\u00a0 for \u00e5 kunne:<\/p>\n<ul>\n<li>\u00a0Se informasjon som bes\u00f8ksstatistikk<\/li>\n<li>\u00a0Se hvilke operativsystemer som brukes<\/li>\n<li>\u00a0Se hvilke nettlesere som brukes<\/li>\n<li>\u00a0Se hvordan ulike deler av nettstedet brukes av v\u00e5re bes\u00f8kende<\/li>\n<\/ul>\n<p>Vi bruker ikke informasjonskapsler for \u00e5 analysere hvordan du som person bruker nettstedet p\u00e5 individuelt niv\u00e5. Hvis du ikke vil tillate lagring av informasjonskapsler p\u00e5 PCen din, kan du enkelt sl\u00e5 av, blokkere og fjerne lagrede informasjonskapsler i samtykkefunksjonen p\u00e5 nettstedet v\u00e5rt eller innstillingene til nettleseren din.<\/p>\n<h3>Hvem deler vi personopplysninger med?<\/h3>\n<p>N\u00e5r det kreves for at vi skal kunne levere v\u00e5re tjenester, deler vi dine personopplysninger der det kreves for at vi skal kunne levere v\u00e5re tjenester, deler vi dine personopplysninger med foretak som fungerer som v\u00e5re personopplysningsassistenter. En personopplysningsassistent er et foretak som h\u00e5ndterer informasjon p\u00e5 oppdrag fra oss og i henhold til de instruksjonene vi gir. Vi har inng\u00e5tt avtale med alle v\u00e5re personopplysningsassistenter som sikrer vernet av de personopplysningene de behandler og at de vil f\u00f8lge v\u00e5re sikkerhetskrav. Vi kan ogs\u00e5 komme til \u00e5 dele dine opplysninger med parter som er selvstendig personopplysningsansvarlige n\u00e5r det kreves, eksempelvis myndigheter.<\/p>\n<p>&nbsp;<\/p>\n<p>Vi etterstreber alltid at dine personopplysninger skal behandles innenfor EU\/E\u00d8S, derfor er alle v\u00e5re egne IT-systemer innenfor dette geografiske omr\u00e5det. Ved systemmessig brukerst\u00f8tte og vedlikehold kan vi imidlertid v\u00e6re n\u00f8dt til \u00e5 overf\u00f8re informasjonen til et land utenfor EU\/E\u00d8S, for eksempel dersom vi deler dine personopplysninger med en personvernansvarlig som, enten selv eller gjennom en underleverand\u00f8r, er etablert eller lagrer informasjon i et land utenfor EU\/E\u00d8S. Personopplysningsansvarlig f\u00e5r i disse tilfellene kun ta del av den informasjonen som er relevant for form\u00e5let (for eksempel loggfiler). Uansett i hvilket land dine personopplysninger behandles, treffer vi rimelige juridiske, tekniske og organisatoriske tiltak for \u00e5 sikre at v\u00e5re beskyttelsesniv\u00e5er er det samme som innenfor EU\/E\u00d8S. I de tilfeller personopplysninger behandles utenfor EU\/E\u00d8S sikrer beskyttelsesniv\u00e5et enten gjennom en beslutning fra EU-kommisjonen om at det aktuelle landet sikrer et adekvat beskyttelsesniv\u00e5 eller ved bruk av s\u00e5kalte egnede beskyttelsestiltak.<\/p>\n<h3>Hvilket lovlig grunnlag har vi for behandling av personopplysninger?<\/h3>\n<p>Vi samler inn bedriftsinformasjon og personopplysninger du sender til oss, for eksempel: n\u00e5r du blir kunde hos oss, n\u00e5r du legger inn bestillinger og inng\u00e5r avtaler med oss, n\u00e5r du kontakter support eller kundeservice, n\u00e5r du deltar i en utdanning i v\u00e5r utandningsportal, n\u00e5r du svarer p\u00e5 e-post og svarkort eller n\u00e5r du s\u00f8ker jobb os oss. Ettersom vi i hovedsak samarbeider med deg som n\u00e6rings-drivende, samler vi inn f\u00f8rst og fremst generell bedriftsinformasjon som firmanavn, organisasjonsnummer, telefonnummer og adresse. Dette er ikke personopplysninger (s\u00e5fremt du ikke har enkeltpersonforetak) og omfattes ikke av GDPR.<br \/>\n<span class=\"indrag\">\u00a0<\/span>Det lovlige grunnlaget for behandlingen av ovennevnte personopplysninger er i hovedsak en rettslig forpliktelse, men kan ogs\u00e5 v\u00e6re en interesseavveining, for eksempel n\u00e5 du som ikke-eksisterende kunde kontakter oss.<\/p>\n<h3>Hvor lenge oppbevarer vi dine personopplysninger?<\/h3>\n<p>VSB oppbevarer aldri dine personopplysninger lenge enn n\u00f8dvendig med hensyn til form\u00e5let med behandlingen, krav i lov eller andre bestemmelser.<br \/>\n<span class=\"indrag\">\u00a0<\/span>VSB foretar en vurdering \u00e5rlig av om form\u00e5let med behandlingen av personopplysningene fremdeles er til stede. Hvis form\u00e5let med behandlingen av personopplysningene ikke lenger er til stede, vil opplysningene bli slettet.<br \/>\n<span class=\"indrag\">\u00a0<\/span>I visse tilfeller er VSB imidlertid forpliktet til \u00e5 fortsette \u00e5 lagre personopplysningene. Slik forpliktelse foreligger eksempelvis i bokf\u00f8ringsloven, der vi er forpliktet til \u00e5 lagre personopplysninger i minst 7 \u00e5r. I de tilfeller der bokf\u00f8ringsloven eller annen lov ikke tillempes, foretar VSB en vurdering hvert 3. \u00e5r og ser om det fortsatt er n\u00f8dvendig \u00e5 oppbevare personopplysningene til form\u00e5let. Hvis det ikke er n\u00f8dvendig, sletter vi disse opplysningene, hvis vi anser at vi fortsatt har behov for \u00e5 beholde opplysningene til form\u00e5let, lagrer vi dem til neste \u00e5rs vurdering.<\/p>\n<h3>Hvilke rettigheter har du?<\/h3>\n<p>Du har rett til \u00e5 f\u00e5 et registerutdrag vedr\u00f8rende VSBs behandling av dine personopplysninger. VSB skal ved foresp\u00f8rsel om registerutdrag gi deg en en kopi av de personopplysningene som er under behandling. For eventuelle ytterligere kopier du ber om kan VSB ta en rimelig avgift ut fra administrative kostnader.<br \/>\n<span class=\"indrag\">\u00a0<\/span> Du har rett til \u00e5 f\u00e5 dine personopplysninger korrigert dersom de er feilaktige, ufullstendige eller misvisende og rett til \u00e5 begrense behandlingen av personopplysningene inntil de er endret.<\/p>\n<p><span class=\"indrag\">\u00a0<\/span>Du har under vissa omst\u00e4ndigheter r\u00e4tt att bli raderad:<\/p>\n<ul>\n<li>Dersom opplysningene ikke lenger trengs til de form\u00e5l de ble innhentet til<\/li>\n<li>Dersom behandlingen er basert p\u00e5 den enkeltes samtykke og du trekker tilbake samtykket<\/li>\n<li>Dersom behandlingen skjer pga. direkte markedsf\u00f8ring og du motsetter det at opplysningene behandles<\/li>\n<li>Dersom du motsetter deg personopplysningsbehandling som skjer innenfor rammene for myndighetsut\u00f8velse eller etter en interesseavveining og det ikke finnes berettigede grunner som veier tyngre enn dine interesser<\/li>\n<li>Dersom personopplysningene er behandlet ulovlig<\/li>\n<li>Dersom sletting kreves for \u00e5 oppfylle en rettslig forpliktelse<\/li>\n<li>Dersom personopplysningene gjelder barn og er innhentet i forbindelse med at barnet oppretter en profil i et sosialt nettverk<\/li>\n<\/ul>\n<p>Du har ogs\u00e5 rett til \u00e5 trekke tilbake et samtykke, motsette deg at det tas automatiske beslutninger, profilering og innvende mot direkte markedsf\u00f8ring.<br \/>\n<span class=\"indrag\">\u00a0<\/span> Du kan n\u00e5r som helst ut\u00f8ve dine rettigheter ved \u00e5 be om tilgang til og korrigering eller sletting av person-opplysninger, kreve begrensning av behandling eller protestere mot behandling. Kontakt VSB for \u00e5 ut\u00f8ve dine rettigheter.<br \/>\n<span class=\"indrag\">\u00a0<\/span> Du har videre rett til \u00e5 levere inn en klage vedr\u00f8rende VSBs behandling av personopplysninger til Integritetsskyddsmyndigheten, bes\u00f8k <a href=\"https:\/\/www.imy.se\" target=\"_blank\" rel=\"noopener noreferrer\">www.imy.se<\/a>.<\/p>\n<h3>Endringer i personvernerkl\u00e6ringen<\/h3>\n<p>V\u00e6r klar over at vilk\u00e5rene i personvernerkl\u00e6ringen kan endres. Den nye versjonen vil i slike tilfeller bli offentliggjort p\u00e5 VSBs hjemmeside Derfor b\u00f8r du lese gjennom disse vilk\u00e5rene med jevne mellomrom for \u00e5 forvisse deg om at du er forn\u00f8yd med endringene. Ved endringer av materiell betydning vil vi ogs\u00e5 per e-post, dersom du har meddelt oss din e-postadresse, gj\u00f8re deg oppmerksom p\u00e5 at det er skjedd endringer.<br \/>\n<span class=\"indrag\">\u00a0<\/span>Hvis endringene ber\u00f8rer slik personopplysningsbehandling som vi utf\u00f8rer med st\u00f8tte i ditt samtykke, vil vi gi deg mulighet til \u00e5 gi ditt samtykke p\u00e5 nytt.<\/p>\n<h3>Hvis du vil vite mer<\/h3>\n<p>Har du sp\u00f8rsm\u00e5l om VSBs behandling av personopplysninger eller vil benytte dine rettigheter, er du velkommen til \u00e5 kontakte VSBs GDPR-ansvarlige. Ring da v\u00e5r kundeservice +46 033-23 03 03 og sp\u00f8r etter GDPR-ansvarlig i foretaket eller send e-post til <a href=\"mailto:vsb@vsbyggskruv.se\">vsb@vsbyggskruv.se<\/a> med attention GDPR-ansvarlig.<\/p>\n<\/div>\n<div id=\"integritetspolicy\">\n<p><a href=\"https:\/\/vsbyggskruv.se\/pdf\/VSB_Integritetspolicy_2024_Norsk.pdf\" target=\"_blank\" rel=\"noopener noreferrer\">Last ned v\u00e5r Personvernerkl\u00e6ring i pdf-format \u00bb<\/a><\/p>\n<p style=\"text-align: right;\"><em>Br\u00e4mhult 2024-04-12<\/em><\/p>\n<p>&nbsp;<\/p>\n<p>&nbsp;<\/p>\n<p>&nbsp;<\/p>\n<p>&nbsp;<\/p>\n<p>&nbsp;<\/p>\n<\/div>\n","protected":false},"excerpt":{"rendered":"<p>Vi i VSB etterstreber alltid et h\u00f8yt niv\u00e5. Ikke minst n\u00e5r det gjelder datasikkerhet og personvern. For at du skal f\u00f8le deg trygg og vite hvordan vi innhenter og bruker [&hellip;]<\/p>\n","protected":false},"author":1,"featured_media":0,"parent":7077,"menu_order":0,"comment_status":"closed","ping_status":"closed","template":"page-tpl-about.php","meta":{"footnotes":""},"acf":[],"yoast_head":"<!-- This site is optimized with the Yoast SEO plugin v21.9.1 - https:\/\/yoast.com\/wordpress\/plugins\/seo\/ -->\n<title>Personvernerkl\u00e6ring - V\u00e4stsvensk Byggskruv<\/title>\n<meta name=\"robots\" content=\"index, follow, max-snippet:-1, max-image-preview:large, max-video-preview:-1\" \/>\n<link rel=\"canonical\" href=\"https:\/\/vsbyggskruv.se\/no\/om-vsb\/personvernerklaering\/\" \/>\n<meta property=\"og:locale\" content=\"nb_NO\" \/>\n<meta property=\"og:type\" content=\"article\" \/>\n<meta property=\"og:title\" content=\"Personvernerkl\u00e6ring - V\u00e4stsvensk Byggskruv\" \/>\n<meta property=\"og:description\" content=\"Vi i VSB etterstreber alltid et h\u00f8yt niv\u00e5. Ikke minst n\u00e5r det gjelder datasikkerhet og personvern. For at du skal f\u00f8le deg trygg og vite hvordan vi innhenter og bruker [&hellip;]\" \/>\n<meta property=\"og:url\" content=\"https:\/\/vsbyggskruv.se\/no\/om-vsb\/personvernerklaering\/\" \/>\n<meta property=\"og:site_name\" content=\"V\u00e4stsvensk Byggskruv\" \/>\n<meta property=\"article:modified_time\" content=\"2026-01-14T10:07:01+00:00\" \/>\n<meta property=\"og:image\" content=\"https:\/\/vsbyggskruv.se\/wp-content\/uploads\/2018\/05\/Integritetspolicy.jpg\" \/>\n<meta name=\"twitter:card\" content=\"summary_large_image\" \/>\n<meta name=\"twitter:label1\" content=\"Ansl. lesetid\" \/>\n\t<meta name=\"twitter:data1\" content=\"7 minutter\" \/>\n<script type=\"application\/ld+json\" class=\"yoast-schema-graph\">{\"@context\":\"https:\/\/schema.org\",\"@graph\":[{\"@type\":\"WebPage\",\"@id\":\"https:\/\/vsbyggskruv.se\/no\/om-vsb\/personvernerklaering\/\",\"url\":\"https:\/\/vsbyggskruv.se\/no\/om-vsb\/personvernerklaering\/\",\"name\":\"Personvernerkl\u00e6ring - V\u00e4stsvensk Byggskruv\",\"isPartOf\":{\"@id\":\"https:\/\/vsbyggskruv.se\/no\/#website\"},\"datePublished\":\"2018-05-24T13:31:02+00:00\",\"dateModified\":\"2026-01-14T10:07:01+00:00\",\"breadcrumb\":{\"@id\":\"https:\/\/vsbyggskruv.se\/no\/om-vsb\/personvernerklaering\/#breadcrumb\"},\"inLanguage\":\"nb-NO\",\"potentialAction\":[{\"@type\":\"ReadAction\",\"target\":[\"https:\/\/vsbyggskruv.se\/no\/om-vsb\/personvernerklaering\/\"]}]},{\"@type\":\"BreadcrumbList\",\"@id\":\"https:\/\/vsbyggskruv.se\/no\/om-vsb\/personvernerklaering\/#breadcrumb\",\"itemListElement\":[{\"@type\":\"ListItem\",\"position\":1,\"name\":\"VSB\",\"item\":\"https:\/\/vsbyggskruv.se\/no\/\"},{\"@type\":\"ListItem\",\"position\":2,\"name\":\"Om VSB\",\"item\":\"https:\/\/vsbyggskruv.se\/no\/om-vsb\/\"},{\"@type\":\"ListItem\",\"position\":3,\"name\":\"Personvernerkl\u00e6ring\"}]},{\"@type\":\"WebSite\",\"@id\":\"https:\/\/vsbyggskruv.se\/no\/#website\",\"url\":\"https:\/\/vsbyggskruv.se\/no\/\",\"name\":\"V\u00e4stsvensk Byggskruv\",\"description\":\"V\u00e4stsvensk Byggskruv AB har spesialisert seg p\u00e5 skruer og innfesting\",\"publisher\":{\"@id\":\"https:\/\/vsbyggskruv.se\/no\/#organization\"},\"potentialAction\":[{\"@type\":\"SearchAction\",\"target\":{\"@type\":\"EntryPoint\",\"urlTemplate\":\"https:\/\/vsbyggskruv.se\/no\/?s={search_term_string}\"},\"query-input\":\"required name=search_term_string\"}],\"inLanguage\":\"nb-NO\"},{\"@type\":\"Organization\",\"@id\":\"https:\/\/vsbyggskruv.se\/no\/#organization\",\"name\":\"V\u00e4stsvensk Byggskruv AB\",\"url\":\"https:\/\/vsbyggskruv.se\/no\/\",\"logo\":{\"@type\":\"ImageObject\",\"inLanguage\":\"nb-NO\",\"@id\":\"https:\/\/vsbyggskruv.se\/no\/#\/schema\/logo\/image\/\",\"url\":\"https:\/\/vsbyggskruv.se\/wp-content\/uploads\/2017\/05\/logo.png\",\"contentUrl\":\"https:\/\/vsbyggskruv.se\/wp-content\/uploads\/2017\/05\/logo.png\",\"width\":174,\"height\":75,\"caption\":\"V\u00e4stsvensk Byggskruv AB\"},\"image\":{\"@id\":\"https:\/\/vsbyggskruv.se\/no\/#\/schema\/logo\/image\/\"}}]}<\/script>\n<!-- \/ Yoast SEO plugin. -->","yoast_head_json":{"title":"Personvernerkl\u00e6ring - V\u00e4stsvensk Byggskruv","robots":{"index":"index","follow":"follow","max-snippet":"max-snippet:-1","max-image-preview":"max-image-preview:large","max-video-preview":"max-video-preview:-1"},"canonical":"https:\/\/vsbyggskruv.se\/no\/om-vsb\/personvernerklaering\/","og_locale":"nb_NO","og_type":"article","og_title":"Personvernerkl\u00e6ring - V\u00e4stsvensk Byggskruv","og_description":"Vi i VSB etterstreber alltid et h\u00f8yt niv\u00e5. Ikke minst n\u00e5r det gjelder datasikkerhet og personvern. For at du skal f\u00f8le deg trygg og vite hvordan vi innhenter og bruker [&hellip;]","og_url":"https:\/\/vsbyggskruv.se\/no\/om-vsb\/personvernerklaering\/","og_site_name":"V\u00e4stsvensk Byggskruv","article_modified_time":"2026-01-14T10:07:01+00:00","og_image":[{"url":"https:\/\/vsbyggskruv.se\/wp-content\/uploads\/2018\/05\/Integritetspolicy.jpg"}],"twitter_card":"summary_large_image","twitter_misc":{"Ansl. lesetid":"7 minutter"},"schema":{"@context":"https:\/\/schema.org","@graph":[{"@type":"WebPage","@id":"https:\/\/vsbyggskruv.se\/no\/om-vsb\/personvernerklaering\/","url":"https:\/\/vsbyggskruv.se\/no\/om-vsb\/personvernerklaering\/","name":"Personvernerkl\u00e6ring - V\u00e4stsvensk Byggskruv","isPartOf":{"@id":"https:\/\/vsbyggskruv.se\/no\/#website"},"datePublished":"2018-05-24T13:31:02+00:00","dateModified":"2026-01-14T10:07:01+00:00","breadcrumb":{"@id":"https:\/\/vsbyggskruv.se\/no\/om-vsb\/personvernerklaering\/#breadcrumb"},"inLanguage":"nb-NO","potentialAction":[{"@type":"ReadAction","target":["https:\/\/vsbyggskruv.se\/no\/om-vsb\/personvernerklaering\/"]}]},{"@type":"BreadcrumbList","@id":"https:\/\/vsbyggskruv.se\/no\/om-vsb\/personvernerklaering\/#breadcrumb","itemListElement":[{"@type":"ListItem","position":1,"name":"VSB","item":"https:\/\/vsbyggskruv.se\/no\/"},{"@type":"ListItem","position":2,"name":"Om VSB","item":"https:\/\/vsbyggskruv.se\/no\/om-vsb\/"},{"@type":"ListItem","position":3,"name":"Personvernerkl\u00e6ring"}]},{"@type":"WebSite","@id":"https:\/\/vsbyggskruv.se\/no\/#website","url":"https:\/\/vsbyggskruv.se\/no\/","name":"V\u00e4stsvensk Byggskruv","description":"V\u00e4stsvensk Byggskruv AB har spesialisert seg p\u00e5 skruer og innfesting","publisher":{"@id":"https:\/\/vsbyggskruv.se\/no\/#organization"},"potentialAction":[{"@type":"SearchAction","target":{"@type":"EntryPoint","urlTemplate":"https:\/\/vsbyggskruv.se\/no\/?s={search_term_string}"},"query-input":"required name=search_term_string"}],"inLanguage":"nb-NO"},{"@type":"Organization","@id":"https:\/\/vsbyggskruv.se\/no\/#organization","name":"V\u00e4stsvensk Byggskruv AB","url":"https:\/\/vsbyggskruv.se\/no\/","logo":{"@type":"ImageObject","inLanguage":"nb-NO","@id":"https:\/\/vsbyggskruv.se\/no\/#\/schema\/logo\/image\/","url":"https:\/\/vsbyggskruv.se\/wp-content\/uploads\/2017\/05\/logo.png","contentUrl":"https:\/\/vsbyggskruv.se\/wp-content\/uploads\/2017\/05\/logo.png","width":174,"height":75,"caption":"V\u00e4stsvensk Byggskruv AB"},"image":{"@id":"https:\/\/vsbyggskruv.se\/no\/#\/schema\/logo\/image\/"}}]}},"_links":{"self":[{"href":"https:\/\/vsbyggskruv.se\/no\/wp-json\/wp\/v2\/pages\/7143"}],"collection":[{"href":"https:\/\/vsbyggskruv.se\/no\/wp-json\/wp\/v2\/pages"}],"about":[{"href":"https:\/\/vsbyggskruv.se\/no\/wp-json\/wp\/v2\/types\/page"}],"author":[{"embeddable":true,"href":"https:\/\/vsbyggskruv.se\/no\/wp-json\/wp\/v2\/users\/1"}],"replies":[{"embeddable":true,"href":"https:\/\/vsbyggskruv.se\/no\/wp-json\/wp\/v2\/comments?post=7143"}],"version-history":[{"count":25,"href":"https:\/\/vsbyggskruv.se\/no\/wp-json\/wp\/v2\/pages\/7143\/revisions"}],"predecessor-version":[{"id":8967,"href":"https:\/\/vsbyggskruv.se\/no\/wp-json\/wp\/v2\/pages\/7143\/revisions\/8967"}],"up":[{"embeddable":true,"href":"https:\/\/vsbyggskruv.se\/no\/wp-json\/wp\/v2\/pages\/7077"}],"wp:attachment":[{"href":"https:\/\/vsbyggskruv.se\/no\/wp-json\/wp\/v2\/media?parent=7143"}],"curies":[{"name":"wp","href":"https:\/\/api.w.org\/{rel}","templated":true}]}}