{"id":7157,"date":"2019-04-18T10:57:43","date_gmt":"2019-04-18T08:57:43","guid":{"rendered":"https:\/\/vsbyggskruv.se\/om-vsb\/forpakningsinfo\/hink\/"},"modified":"2023-01-03T12:06:23","modified_gmt":"2023-01-03T11:06:23","slug":"botte","status":"publish","type":"page","link":"https:\/\/vsbyggskruv.se\/no\/om-vsb\/forpakningsinfo\/botte\/","title":{"rendered":"B\u00f8tte"},"content":{"rendered":"<h2>Si hei til v\u00e5r nye forbedre b\u00f8tte!<\/h2>\n<p>Den nye b\u00f8tten er smart utformet og praktisk n\u00e5r du skal skru mye, f.eks. terrassebord. Lokket, som er montert direkte p\u00e5 b\u00f8tten, er enkelt \u00e5 \u00e5pne og lukke. Lokkets transparente materiale gj\u00f8r det lett \u00e5 se hvilken skrue forpakningen inneholder.<br \/>\nB\u00f8tten er plassbesparende, med h\u00f8y fyllingsgrad for \u00e5 minimere luft i forpakningen. Den firkantede formen inneb\u00e6rer f\u00e6rre transporter og gir flere skruer p\u00e5 mindre plass ute i butikken.<\/p>\n<p>Sa vi forresten at den er utmerket som refillforpakning?<\/p>\n","protected":false},"excerpt":{"rendered":"<p>Si hei til v\u00e5r nye forbedre b\u00f8tte! Den nye b\u00f8tten er smart utformet og praktisk n\u00e5r du skal skru mye, f.eks. terrassebord. Lokket, som er montert direkte p\u00e5 b\u00f8tten, er [&hellip;]<\/p>\n","protected":false},"author":1,"featured_media":0,"parent":7141,"menu_order":0,"comment_status":"closed","ping_status":"closed","template":"page-tpl-coverbanner.php","meta":{"footnotes":""},"acf":[],"yoast_head":"<!-- This site is optimized with the Yoast SEO plugin v21.9.1 - https:\/\/yoast.com\/wordpress\/plugins\/seo\/ -->\n<title>B\u00f8tte - V\u00e4stsvensk Byggskruv<\/title>\n<meta name=\"robots\" content=\"index, follow, max-snippet:-1, max-image-preview:large, max-video-preview:-1\" \/>\n<link rel=\"canonical\" href=\"https:\/\/vsbyggskruv.se\/no\/om-vsb\/forpakningsinfo\/botte\/\" \/>\n<meta property=\"og:locale\" content=\"nb_NO\" \/>\n<meta property=\"og:type\" content=\"article\" \/>\n<meta property=\"og:title\" content=\"B\u00f8tte - V\u00e4stsvensk Byggskruv\" \/>\n<meta property=\"og:description\" content=\"Si hei til v\u00e5r nye forbedre b\u00f8tte! Den nye b\u00f8tten er smart utformet og praktisk n\u00e5r du skal skru mye, f.eks. terrassebord. Lokket, som er montert direkte p\u00e5 b\u00f8tten, er [&hellip;]\" \/>\n<meta property=\"og:url\" content=\"https:\/\/vsbyggskruv.se\/no\/om-vsb\/forpakningsinfo\/botte\/\" \/>\n<meta property=\"og:site_name\" content=\"V\u00e4stsvensk Byggskruv\" \/>\n<meta property=\"article:modified_time\" content=\"2023-01-03T11:06:23+00:00\" \/>\n<meta name=\"twitter:card\" content=\"summary_large_image\" \/>\n<meta name=\"twitter:label1\" content=\"Ansl. lesetid\" \/>\n\t<meta name=\"twitter:data1\" content=\"1 minutt\" \/>\n<script type=\"application\/ld+json\" class=\"yoast-schema-graph\">{\"@context\":\"https:\/\/schema.org\",\"@graph\":[{\"@type\":\"WebPage\",\"@id\":\"https:\/\/vsbyggskruv.se\/no\/om-vsb\/forpakningsinfo\/botte\/\",\"url\":\"https:\/\/vsbyggskruv.se\/no\/om-vsb\/forpakningsinfo\/botte\/\",\"name\":\"B\u00f8tte - V\u00e4stsvensk Byggskruv\",\"isPartOf\":{\"@id\":\"https:\/\/vsbyggskruv.se\/no\/#website\"},\"datePublished\":\"2019-04-18T08:57:43+00:00\",\"dateModified\":\"2023-01-03T11:06:23+00:00\",\"breadcrumb\":{\"@id\":\"https:\/\/vsbyggskruv.se\/no\/om-vsb\/forpakningsinfo\/botte\/#breadcrumb\"},\"inLanguage\":\"nb-NO\",\"potentialAction\":[{\"@type\":\"ReadAction\",\"target\":[\"https:\/\/vsbyggskruv.se\/no\/om-vsb\/forpakningsinfo\/botte\/\"]}]},{\"@type\":\"BreadcrumbList\",\"@id\":\"https:\/\/vsbyggskruv.se\/no\/om-vsb\/forpakningsinfo\/botte\/#breadcrumb\",\"itemListElement\":[{\"@type\":\"ListItem\",\"position\":1,\"name\":\"VSB\",\"item\":\"https:\/\/vsbyggskruv.se\/no\/\"},{\"@type\":\"ListItem\",\"position\":2,\"name\":\"Om VSB\",\"item\":\"https:\/\/vsbyggskruv.se\/no\/om-vsb\/\"},{\"@type\":\"ListItem\",\"position\":3,\"name\":\"Forpakningsinfo\",\"item\":\"https:\/\/vsbyggskruv.se\/no\/om-vsb\/forpakningsinfo\/\"},{\"@type\":\"ListItem\",\"position\":4,\"name\":\"B\u00f8tte\"}]},{\"@type\":\"WebSite\",\"@id\":\"https:\/\/vsbyggskruv.se\/no\/#website\",\"url\":\"https:\/\/vsbyggskruv.se\/no\/\",\"name\":\"V\u00e4stsvensk Byggskruv\",\"description\":\"V\u00e4stsvensk Byggskruv AB har spesialisert seg p\u00e5 skruer og innfesting\",\"publisher\":{\"@id\":\"https:\/\/vsbyggskruv.se\/no\/#organization\"},\"potentialAction\":[{\"@type\":\"SearchAction\",\"target\":{\"@type\":\"EntryPoint\",\"urlTemplate\":\"https:\/\/vsbyggskruv.se\/no\/?s={search_term_string}\"},\"query-input\":\"required name=search_term_string\"}],\"inLanguage\":\"nb-NO\"},{\"@type\":\"Organization\",\"@id\":\"https:\/\/vsbyggskruv.se\/no\/#organization\",\"name\":\"V\u00e4stsvensk Byggskruv AB\",\"url\":\"https:\/\/vsbyggskruv.se\/no\/\",\"logo\":{\"@type\":\"ImageObject\",\"inLanguage\":\"nb-NO\",\"@id\":\"https:\/\/vsbyggskruv.se\/no\/#\/schema\/logo\/image\/\",\"url\":\"https:\/\/vsbyggskruv.se\/wp-content\/uploads\/2017\/05\/logo.png\",\"contentUrl\":\"https:\/\/vsbyggskruv.se\/wp-content\/uploads\/2017\/05\/logo.png\",\"width\":174,\"height\":75,\"caption\":\"V\u00e4stsvensk Byggskruv AB\"},\"image\":{\"@id\":\"https:\/\/vsbyggskruv.se\/no\/#\/schema\/logo\/image\/\"}}]}<\/script>\n<!-- \/ Yoast SEO plugin. -->","yoast_head_json":{"title":"B\u00f8tte - V\u00e4stsvensk Byggskruv","robots":{"index":"index","follow":"follow","max-snippet":"max-snippet:-1","max-image-preview":"max-image-preview:large","max-video-preview":"max-video-preview:-1"},"canonical":"https:\/\/vsbyggskruv.se\/no\/om-vsb\/forpakningsinfo\/botte\/","og_locale":"nb_NO","og_type":"article","og_title":"B\u00f8tte - V\u00e4stsvensk Byggskruv","og_description":"Si hei til v\u00e5r nye forbedre b\u00f8tte! Den nye b\u00f8tten er smart utformet og praktisk n\u00e5r du skal skru mye, f.eks. terrassebord. Lokket, som er montert direkte p\u00e5 b\u00f8tten, er [&hellip;]","og_url":"https:\/\/vsbyggskruv.se\/no\/om-vsb\/forpakningsinfo\/botte\/","og_site_name":"V\u00e4stsvensk Byggskruv","article_modified_time":"2023-01-03T11:06:23+00:00","twitter_card":"summary_large_image","twitter_misc":{"Ansl. lesetid":"1 minutt"},"schema":{"@context":"https:\/\/schema.org","@graph":[{"@type":"WebPage","@id":"https:\/\/vsbyggskruv.se\/no\/om-vsb\/forpakningsinfo\/botte\/","url":"https:\/\/vsbyggskruv.se\/no\/om-vsb\/forpakningsinfo\/botte\/","name":"B\u00f8tte - V\u00e4stsvensk Byggskruv","isPartOf":{"@id":"https:\/\/vsbyggskruv.se\/no\/#website"},"datePublished":"2019-04-18T08:57:43+00:00","dateModified":"2023-01-03T11:06:23+00:00","breadcrumb":{"@id":"https:\/\/vsbyggskruv.se\/no\/om-vsb\/forpakningsinfo\/botte\/#breadcrumb"},"inLanguage":"nb-NO","potentialAction":[{"@type":"ReadAction","target":["https:\/\/vsbyggskruv.se\/no\/om-vsb\/forpakningsinfo\/botte\/"]}]},{"@type":"BreadcrumbList","@id":"https:\/\/vsbyggskruv.se\/no\/om-vsb\/forpakningsinfo\/botte\/#breadcrumb","itemListElement":[{"@type":"ListItem","position":1,"name":"VSB","item":"https:\/\/vsbyggskruv.se\/no\/"},{"@type":"ListItem","position":2,"name":"Om VSB","item":"https:\/\/vsbyggskruv.se\/no\/om-vsb\/"},{"@type":"ListItem","position":3,"name":"Forpakningsinfo","item":"https:\/\/vsbyggskruv.se\/no\/om-vsb\/forpakningsinfo\/"},{"@type":"ListItem","position":4,"name":"B\u00f8tte"}]},{"@type":"WebSite","@id":"https:\/\/vsbyggskruv.se\/no\/#website","url":"https:\/\/vsbyggskruv.se\/no\/","name":"V\u00e4stsvensk Byggskruv","description":"V\u00e4stsvensk Byggskruv AB har spesialisert seg p\u00e5 skruer og innfesting","publisher":{"@id":"https:\/\/vsbyggskruv.se\/no\/#organization"},"potentialAction":[{"@type":"SearchAction","target":{"@type":"EntryPoint","urlTemplate":"https:\/\/vsbyggskruv.se\/no\/?s={search_term_string}"},"query-input":"required name=search_term_string"}],"inLanguage":"nb-NO"},{"@type":"Organization","@id":"https:\/\/vsbyggskruv.se\/no\/#organization","name":"V\u00e4stsvensk Byggskruv AB","url":"https:\/\/vsbyggskruv.se\/no\/","logo":{"@type":"ImageObject","inLanguage":"nb-NO","@id":"https:\/\/vsbyggskruv.se\/no\/#\/schema\/logo\/image\/","url":"https:\/\/vsbyggskruv.se\/wp-content\/uploads\/2017\/05\/logo.png","contentUrl":"https:\/\/vsbyggskruv.se\/wp-content\/uploads\/2017\/05\/logo.png","width":174,"height":75,"caption":"V\u00e4stsvensk Byggskruv AB"},"image":{"@id":"https:\/\/vsbyggskruv.se\/no\/#\/schema\/logo\/image\/"}}]}},"_links":{"self":[{"href":"https:\/\/vsbyggskruv.se\/no\/wp-json\/wp\/v2\/pages\/7157"}],"collection":[{"href":"https:\/\/vsbyggskruv.se\/no\/wp-json\/wp\/v2\/pages"}],"about":[{"href":"https:\/\/vsbyggskruv.se\/no\/wp-json\/wp\/v2\/types\/page"}],"author":[{"embeddable":true,"href":"https:\/\/vsbyggskruv.se\/no\/wp-json\/wp\/v2\/users\/1"}],"replies":[{"embeddable":true,"href":"https:\/\/vsbyggskruv.se\/no\/wp-json\/wp\/v2\/comments?post=7157"}],"version-history":[{"count":3,"href":"https:\/\/vsbyggskruv.se\/no\/wp-json\/wp\/v2\/pages\/7157\/revisions"}],"predecessor-version":[{"id":7160,"href":"https:\/\/vsbyggskruv.se\/no\/wp-json\/wp\/v2\/pages\/7157\/revisions\/7160"}],"up":[{"embeddable":true,"href":"https:\/\/vsbyggskruv.se\/no\/wp-json\/wp\/v2\/pages\/7141"}],"wp:attachment":[{"href":"https:\/\/vsbyggskruv.se\/no\/wp-json\/wp\/v2\/media?parent=7157"}],"curies":[{"name":"wp","href":"https:\/\/api.w.org\/{rel}","templated":true}]}}