{"id":7171,"date":"2017-11-07T12:04:08","date_gmt":"2017-11-07T11:04:08","guid":{"rendered":"https:\/\/vsbyggskruv.se\/varemerken\/jetting-screws\/wafer-jetting-screws-utvandig\/"},"modified":"2023-04-11T14:28:45","modified_gmt":"2023-04-11T12:28:45","slug":"wafer-jetting-screws-utvendig","status":"publish","type":"page","link":"https:\/\/vsbyggskruv.se\/no\/varemerken\/jetting-screws\/wafer-jetting-screws-utvendig\/","title":{"rendered":"Wafer Jetting Screws Utvendig\u00a0"},"content":{"rendered":"<h2>Jetting Screws Wafer Utvendig er en lavprofil treskrue med TX-spor til utend\u00f8rsbruk.<\/h2>\n<p>Skruen inng\u00e5r i VSB:s serie Jetting Screws, en treskruefamilie som inneholder treskruer med TX-spor eller 6-kanthode b\u00e5de til innend\u00f8rs og utend\u00f8rs bruk. Skruens unike innskruingsegenskaper er oppn\u00e5dd ved \u00e5 utstyre skruene med en skj\u00e6rende borspiss, samt skr\u00e5stilte og langsg\u00e5ende skj\u00e6r mellom gjengene. Dette gir f\u00f8lgende egenskaper:<\/p>\n<ul>\n<li>Redusert risiko for sprekker i tre<\/li>\n<li>Lavere moment ved tiltrekking<\/li>\n<li>Redusert innskruingstid<\/li>\n<\/ul>\n<p><img loading=\"lazy\" decoding=\"async\" class=\"alignnone size-full wp-image-1227\" src=\"https:\/\/vsbyggskruv.se\/wp-content\/uploads\/2023\/02\/Wafer_Jetting_Norsk.png\" alt=\"\" width=\"634\" height=\"798\" \/><\/p>\n","protected":false},"excerpt":{"rendered":"<p>Jetting Screws Wafer Utvendig er en lavprofil treskrue med TX-spor til utend\u00f8rsbruk. Skruen inng\u00e5r i VSB:s serie Jetting Screws, en treskruefamilie som inneholder treskruer med TX-spor eller 6-kanthode b\u00e5de til [&hellip;]<\/p>\n","protected":false},"author":1,"featured_media":0,"parent":7095,"menu_order":6,"comment_status":"closed","ping_status":"closed","template":"page-tpl-jetting-detail.php","meta":{"footnotes":""},"acf":[],"yoast_head":"<!-- This site is optimized with the Yoast SEO plugin v21.9.1 - https:\/\/yoast.com\/wordpress\/plugins\/seo\/ -->\n<title>Wafer Jetting Screws Utvendig\u00a0 - V\u00e4stsvensk Byggskruv<\/title>\n<meta name=\"robots\" content=\"index, follow, max-snippet:-1, max-image-preview:large, max-video-preview:-1\" \/>\n<link rel=\"canonical\" href=\"https:\/\/vsbyggskruv.se\/no\/varemerken\/jetting-screws\/wafer-jetting-screws-utvendig\/\" \/>\n<meta property=\"og:locale\" content=\"nb_NO\" \/>\n<meta property=\"og:type\" content=\"article\" \/>\n<meta property=\"og:title\" content=\"Wafer Jetting Screws Utvendig\u00a0 - V\u00e4stsvensk Byggskruv\" \/>\n<meta property=\"og:description\" content=\"Jetting Screws Wafer Utvendig er en lavprofil treskrue med TX-spor til utend\u00f8rsbruk. Skruen inng\u00e5r i VSB:s serie Jetting Screws, en treskruefamilie som inneholder treskruer med TX-spor eller 6-kanthode b\u00e5de til [&hellip;]\" \/>\n<meta property=\"og:url\" content=\"https:\/\/vsbyggskruv.se\/no\/varemerken\/jetting-screws\/wafer-jetting-screws-utvendig\/\" \/>\n<meta property=\"og:site_name\" content=\"V\u00e4stsvensk Byggskruv\" \/>\n<meta property=\"article:modified_time\" content=\"2023-04-11T12:28:45+00:00\" \/>\n<meta property=\"og:image\" content=\"https:\/\/vsbyggskruv.se\/wp-content\/uploads\/2023\/02\/Wafer_Jetting_Norsk.png\" \/>\n<meta name=\"twitter:card\" content=\"summary_large_image\" \/>\n<meta name=\"twitter:label1\" content=\"Ansl. lesetid\" \/>\n\t<meta name=\"twitter:data1\" content=\"1 minutt\" \/>\n<script type=\"application\/ld+json\" class=\"yoast-schema-graph\">{\"@context\":\"https:\/\/schema.org\",\"@graph\":[{\"@type\":\"WebPage\",\"@id\":\"https:\/\/vsbyggskruv.se\/no\/varemerken\/jetting-screws\/wafer-jetting-screws-utvendig\/\",\"url\":\"https:\/\/vsbyggskruv.se\/no\/varemerken\/jetting-screws\/wafer-jetting-screws-utvendig\/\",\"name\":\"Wafer Jetting Screws Utvendig\u00a0 - V\u00e4stsvensk Byggskruv\",\"isPartOf\":{\"@id\":\"https:\/\/vsbyggskruv.se\/no\/#website\"},\"datePublished\":\"2017-11-07T11:04:08+00:00\",\"dateModified\":\"2023-04-11T12:28:45+00:00\",\"breadcrumb\":{\"@id\":\"https:\/\/vsbyggskruv.se\/no\/varemerken\/jetting-screws\/wafer-jetting-screws-utvendig\/#breadcrumb\"},\"inLanguage\":\"nb-NO\",\"potentialAction\":[{\"@type\":\"ReadAction\",\"target\":[\"https:\/\/vsbyggskruv.se\/no\/varemerken\/jetting-screws\/wafer-jetting-screws-utvendig\/\"]}]},{\"@type\":\"BreadcrumbList\",\"@id\":\"https:\/\/vsbyggskruv.se\/no\/varemerken\/jetting-screws\/wafer-jetting-screws-utvendig\/#breadcrumb\",\"itemListElement\":[{\"@type\":\"ListItem\",\"position\":1,\"name\":\"VSB\",\"item\":\"https:\/\/vsbyggskruv.se\/no\/\"},{\"@type\":\"ListItem\",\"position\":2,\"name\":\"Varemerken\",\"item\":\"https:\/\/vsbyggskruv.se\/no\/varemerken\/\"},{\"@type\":\"ListItem\",\"position\":3,\"name\":\"Jetting Screws\",\"item\":\"https:\/\/vsbyggskruv.se\/no\/varemerken\/jetting-screws\/\"},{\"@type\":\"ListItem\",\"position\":4,\"name\":\"Wafer Jetting Screws Utvendig\u00a0\"}]},{\"@type\":\"WebSite\",\"@id\":\"https:\/\/vsbyggskruv.se\/no\/#website\",\"url\":\"https:\/\/vsbyggskruv.se\/no\/\",\"name\":\"V\u00e4stsvensk Byggskruv\",\"description\":\"V\u00e4stsvensk Byggskruv AB har spesialisert seg p\u00e5 skruer og innfesting\",\"publisher\":{\"@id\":\"https:\/\/vsbyggskruv.se\/no\/#organization\"},\"potentialAction\":[{\"@type\":\"SearchAction\",\"target\":{\"@type\":\"EntryPoint\",\"urlTemplate\":\"https:\/\/vsbyggskruv.se\/no\/?s={search_term_string}\"},\"query-input\":\"required name=search_term_string\"}],\"inLanguage\":\"nb-NO\"},{\"@type\":\"Organization\",\"@id\":\"https:\/\/vsbyggskruv.se\/no\/#organization\",\"name\":\"V\u00e4stsvensk Byggskruv AB\",\"url\":\"https:\/\/vsbyggskruv.se\/no\/\",\"logo\":{\"@type\":\"ImageObject\",\"inLanguage\":\"nb-NO\",\"@id\":\"https:\/\/vsbyggskruv.se\/no\/#\/schema\/logo\/image\/\",\"url\":\"https:\/\/vsbyggskruv.se\/wp-content\/uploads\/2017\/05\/logo.png\",\"contentUrl\":\"https:\/\/vsbyggskruv.se\/wp-content\/uploads\/2017\/05\/logo.png\",\"width\":174,\"height\":75,\"caption\":\"V\u00e4stsvensk Byggskruv AB\"},\"image\":{\"@id\":\"https:\/\/vsbyggskruv.se\/no\/#\/schema\/logo\/image\/\"}}]}<\/script>\n<!-- \/ Yoast SEO plugin. -->","yoast_head_json":{"title":"Wafer Jetting Screws Utvendig\u00a0 - V\u00e4stsvensk Byggskruv","robots":{"index":"index","follow":"follow","max-snippet":"max-snippet:-1","max-image-preview":"max-image-preview:large","max-video-preview":"max-video-preview:-1"},"canonical":"https:\/\/vsbyggskruv.se\/no\/varemerken\/jetting-screws\/wafer-jetting-screws-utvendig\/","og_locale":"nb_NO","og_type":"article","og_title":"Wafer Jetting Screws Utvendig\u00a0 - V\u00e4stsvensk Byggskruv","og_description":"Jetting Screws Wafer Utvendig er en lavprofil treskrue med TX-spor til utend\u00f8rsbruk. Skruen inng\u00e5r i VSB:s serie Jetting Screws, en treskruefamilie som inneholder treskruer med TX-spor eller 6-kanthode b\u00e5de til [&hellip;]","og_url":"https:\/\/vsbyggskruv.se\/no\/varemerken\/jetting-screws\/wafer-jetting-screws-utvendig\/","og_site_name":"V\u00e4stsvensk Byggskruv","article_modified_time":"2023-04-11T12:28:45+00:00","og_image":[{"url":"https:\/\/vsbyggskruv.se\/wp-content\/uploads\/2023\/02\/Wafer_Jetting_Norsk.png"}],"twitter_card":"summary_large_image","twitter_misc":{"Ansl. lesetid":"1 minutt"},"schema":{"@context":"https:\/\/schema.org","@graph":[{"@type":"WebPage","@id":"https:\/\/vsbyggskruv.se\/no\/varemerken\/jetting-screws\/wafer-jetting-screws-utvendig\/","url":"https:\/\/vsbyggskruv.se\/no\/varemerken\/jetting-screws\/wafer-jetting-screws-utvendig\/","name":"Wafer Jetting Screws Utvendig\u00a0 - V\u00e4stsvensk Byggskruv","isPartOf":{"@id":"https:\/\/vsbyggskruv.se\/no\/#website"},"datePublished":"2017-11-07T11:04:08+00:00","dateModified":"2023-04-11T12:28:45+00:00","breadcrumb":{"@id":"https:\/\/vsbyggskruv.se\/no\/varemerken\/jetting-screws\/wafer-jetting-screws-utvendig\/#breadcrumb"},"inLanguage":"nb-NO","potentialAction":[{"@type":"ReadAction","target":["https:\/\/vsbyggskruv.se\/no\/varemerken\/jetting-screws\/wafer-jetting-screws-utvendig\/"]}]},{"@type":"BreadcrumbList","@id":"https:\/\/vsbyggskruv.se\/no\/varemerken\/jetting-screws\/wafer-jetting-screws-utvendig\/#breadcrumb","itemListElement":[{"@type":"ListItem","position":1,"name":"VSB","item":"https:\/\/vsbyggskruv.se\/no\/"},{"@type":"ListItem","position":2,"name":"Varemerken","item":"https:\/\/vsbyggskruv.se\/no\/varemerken\/"},{"@type":"ListItem","position":3,"name":"Jetting Screws","item":"https:\/\/vsbyggskruv.se\/no\/varemerken\/jetting-screws\/"},{"@type":"ListItem","position":4,"name":"Wafer Jetting Screws Utvendig\u00a0"}]},{"@type":"WebSite","@id":"https:\/\/vsbyggskruv.se\/no\/#website","url":"https:\/\/vsbyggskruv.se\/no\/","name":"V\u00e4stsvensk Byggskruv","description":"V\u00e4stsvensk Byggskruv AB har spesialisert seg p\u00e5 skruer og innfesting","publisher":{"@id":"https:\/\/vsbyggskruv.se\/no\/#organization"},"potentialAction":[{"@type":"SearchAction","target":{"@type":"EntryPoint","urlTemplate":"https:\/\/vsbyggskruv.se\/no\/?s={search_term_string}"},"query-input":"required name=search_term_string"}],"inLanguage":"nb-NO"},{"@type":"Organization","@id":"https:\/\/vsbyggskruv.se\/no\/#organization","name":"V\u00e4stsvensk Byggskruv AB","url":"https:\/\/vsbyggskruv.se\/no\/","logo":{"@type":"ImageObject","inLanguage":"nb-NO","@id":"https:\/\/vsbyggskruv.se\/no\/#\/schema\/logo\/image\/","url":"https:\/\/vsbyggskruv.se\/wp-content\/uploads\/2017\/05\/logo.png","contentUrl":"https:\/\/vsbyggskruv.se\/wp-content\/uploads\/2017\/05\/logo.png","width":174,"height":75,"caption":"V\u00e4stsvensk Byggskruv AB"},"image":{"@id":"https:\/\/vsbyggskruv.se\/no\/#\/schema\/logo\/image\/"}}]}},"_links":{"self":[{"href":"https:\/\/vsbyggskruv.se\/no\/wp-json\/wp\/v2\/pages\/7171"}],"collection":[{"href":"https:\/\/vsbyggskruv.se\/no\/wp-json\/wp\/v2\/pages"}],"about":[{"href":"https:\/\/vsbyggskruv.se\/no\/wp-json\/wp\/v2\/types\/page"}],"author":[{"embeddable":true,"href":"https:\/\/vsbyggskruv.se\/no\/wp-json\/wp\/v2\/users\/1"}],"replies":[{"embeddable":true,"href":"https:\/\/vsbyggskruv.se\/no\/wp-json\/wp\/v2\/comments?post=7171"}],"version-history":[{"count":4,"href":"https:\/\/vsbyggskruv.se\/no\/wp-json\/wp\/v2\/pages\/7171\/revisions"}],"predecessor-version":[{"id":7653,"href":"https:\/\/vsbyggskruv.se\/no\/wp-json\/wp\/v2\/pages\/7171\/revisions\/7653"}],"up":[{"embeddable":true,"href":"https:\/\/vsbyggskruv.se\/no\/wp-json\/wp\/v2\/pages\/7095"}],"wp:attachment":[{"href":"https:\/\/vsbyggskruv.se\/no\/wp-json\/wp\/v2\/media?parent=7171"}],"curies":[{"name":"wp","href":"https:\/\/api.w.org\/{rel}","templated":true}]}}