{"id":7172,"date":"2017-11-07T11:14:12","date_gmt":"2017-11-07T10:14:12","guid":{"rendered":"https:\/\/vsbyggskruv.se\/varemerken\/jetting-screws\/jetting-screws-sortimentslador\/"},"modified":"2023-04-11T14:21:08","modified_gmt":"2023-04-11T12:21:08","slug":"jetting-screws-sortimentskofferter","status":"publish","type":"page","link":"https:\/\/vsbyggskruv.se\/no\/varemerken\/jetting-screws\/jetting-screws-sortimentskofferter\/","title":{"rendered":"Jetting Screws Sortimentskofferter"},"content":{"rendered":"<h2>Jetting Screws sortimentskofferter.<\/h2>\n<p>I v\u00e5re tre sortimentskofferter finner du et gjennomtenkt og tilpasset skruesortiment slik at du alltid kan ha riktig skrue til riktig form\u00e5l. Sortimentskoffertene har en solid l\u00e5sbar metallkonstruksjon med avtakbare plastesker. I tillegg til skruene f\u00f8lger det med bits til respektive skrue.<\/p>\n<p>Koffertene f\u00e5s ned Jetting Screws TFT, v\u00e5r forsenkede treskrue til innend\u00f8rsbruk, Jetting Screws TFT Utvendig som er en forsenket treskrue til utend\u00f8rsbruk og Jetting Screws TKT, v\u00e5r avrundede treskrue til innend\u00f8rsbruk. Skruene er CE-merket og har TX-spor.<\/p>\n<div class=\"row sortimentslador\">\n<div class=\"col-md-6 col-sm-7 col-xs-12\">\n<h3 class=\"brand-feature-title\">Sortimentskoffert Jetting Screws TFT<\/h3>\n<p><span class=\"subTitle\">Forsenket treskrue med TX-spor til innend\u00f8rsbruk.<br \/>\n<\/span><br \/>\n<img loading=\"lazy\" decoding=\"async\" class=\"alignnone size-full wp-image-279\" src=\"https:\/\/vsbyggskruv.se\/wp-content\/uploads\/2017\/06\/jettingscrew-sample01.jpg\" alt=\"\" width=\"290\" height=\"85\" \/><\/p>\n<\/div>\n<div class=\"col-md-6 col-sm-5 col-xs-12\"><img loading=\"lazy\" decoding=\"async\" class=\"align right size-full wp-image-1167\" src=\"https:\/\/vsbyggskruv.se\/wp-content\/uploads\/2017\/11\/bag2.jpg\" alt=\"\" width=\"380\" height=\"387\" \/><\/div>\n<\/div>\n<div class=\"row sortimentslador\">\n<div class=\"col-md-6 col-sm-7 col-xs-12\">\n<h3 class=\"brand-feature-title\">Sortimentskoffert Jetting Screws TFT Utvendig<\/h3>\n<p><span class=\"subTitle\">Forsenket treskrue med TX-spor til utend\u00f8rsbruk.<br \/>\n<\/span><br \/>\n<img loading=\"lazy\" decoding=\"async\" class=\"alignnone wp-image-280 size-full\" src=\"https:\/\/vsbyggskruv.se\/wp-content\/uploads\/2017\/06\/jettingscrew-sample02.jpg\" alt=\"\" width=\"290\" height=\"85\" \/><\/p>\n<\/div>\n<div class=\"col-md-6 col-sm-5 col-xs-12\"><img loading=\"lazy\" decoding=\"async\" class=\"aright size-full wp-image-1169\" src=\"https:\/\/vsbyggskruv.se\/wp-content\/uploads\/2017\/11\/bag3.jpg\" alt=\"\" width=\"380\" height=\"387\" \/><\/div>\n<\/div>\n<div class=\"row sortimentslador\">\n<div class=\"col-md-6 col-sm-7 col-xs-12\">\n<h3 class=\"brand-feature-title\">Sortimentskoffert Jetting Screws TKT<\/h3>\n<p><span class=\"subTitle\">Avrundet treskrue med TX-spor til innend\u00f8rsbruk.<br \/>\n<\/span><br \/>\n<img loading=\"lazy\" decoding=\"async\" class=\"alignnone wp-image-282 size-full\" src=\"https:\/\/vsbyggskruv.se\/wp-content\/uploads\/2017\/06\/jettingscrew-sample04.jpg\" alt=\"\" width=\"290\" height=\"85\" \/><\/p>\n<\/div>\n<div class=\"col-md-6 col-sm-5 col-xs-12\"><img loading=\"lazy\" decoding=\"async\" class=\"alignright size-full wp-image-1171\" src=\"https:\/\/vsbyggskruv.se\/wp-content\/uploads\/2017\/11\/bag5.jpg\" alt=\"\" width=\"380\" height=\"387\" \/><\/div>\n<\/div>\n","protected":false},"excerpt":{"rendered":"<p>Jetting Screws sortimentskofferter. I v\u00e5re tre sortimentskofferter finner du et gjennomtenkt og tilpasset skruesortiment slik at du alltid kan ha riktig skrue til riktig form\u00e5l. Sortimentskoffertene har en solid l\u00e5sbar [&hellip;]<\/p>\n","protected":false},"author":1,"featured_media":0,"parent":7095,"menu_order":0,"comment_status":"closed","ping_status":"closed","template":"page-tpl-jetting-detail.php","meta":{"footnotes":""},"acf":[],"yoast_head":"<!-- This site is optimized with the Yoast SEO plugin v21.9.1 - https:\/\/yoast.com\/wordpress\/plugins\/seo\/ -->\n<title>Jetting Screws Sortimentskofferter - V\u00e4stsvensk Byggskruv<\/title>\n<meta name=\"robots\" content=\"index, follow, max-snippet:-1, max-image-preview:large, max-video-preview:-1\" \/>\n<link rel=\"canonical\" href=\"https:\/\/vsbyggskruv.se\/no\/varemerken\/jetting-screws\/jetting-screws-sortimentskofferter\/\" \/>\n<meta property=\"og:locale\" content=\"nb_NO\" \/>\n<meta property=\"og:type\" content=\"article\" \/>\n<meta property=\"og:title\" content=\"Jetting Screws Sortimentskofferter - V\u00e4stsvensk Byggskruv\" \/>\n<meta property=\"og:description\" content=\"Jetting Screws sortimentskofferter. I v\u00e5re tre sortimentskofferter finner du et gjennomtenkt og tilpasset skruesortiment slik at du alltid kan ha riktig skrue til riktig form\u00e5l. Sortimentskoffertene har en solid l\u00e5sbar [&hellip;]\" \/>\n<meta property=\"og:url\" content=\"https:\/\/vsbyggskruv.se\/no\/varemerken\/jetting-screws\/jetting-screws-sortimentskofferter\/\" \/>\n<meta property=\"og:site_name\" content=\"V\u00e4stsvensk Byggskruv\" \/>\n<meta property=\"article:modified_time\" content=\"2023-04-11T12:21:08+00:00\" \/>\n<meta property=\"og:image\" content=\"https:\/\/vsbyggskruv.se\/wp-content\/uploads\/2017\/06\/jettingscrew-sample01.jpg\" \/>\n<meta name=\"twitter:card\" content=\"summary_large_image\" \/>\n<meta name=\"twitter:label1\" content=\"Ansl. lesetid\" \/>\n\t<meta name=\"twitter:data1\" content=\"2 minutter\" \/>\n<script type=\"application\/ld+json\" class=\"yoast-schema-graph\">{\"@context\":\"https:\/\/schema.org\",\"@graph\":[{\"@type\":\"WebPage\",\"@id\":\"https:\/\/vsbyggskruv.se\/no\/varemerken\/jetting-screws\/jetting-screws-sortimentskofferter\/\",\"url\":\"https:\/\/vsbyggskruv.se\/no\/varemerken\/jetting-screws\/jetting-screws-sortimentskofferter\/\",\"name\":\"Jetting Screws Sortimentskofferter - V\u00e4stsvensk Byggskruv\",\"isPartOf\":{\"@id\":\"https:\/\/vsbyggskruv.se\/no\/#website\"},\"datePublished\":\"2017-11-07T10:14:12+00:00\",\"dateModified\":\"2023-04-11T12:21:08+00:00\",\"breadcrumb\":{\"@id\":\"https:\/\/vsbyggskruv.se\/no\/varemerken\/jetting-screws\/jetting-screws-sortimentskofferter\/#breadcrumb\"},\"inLanguage\":\"nb-NO\",\"potentialAction\":[{\"@type\":\"ReadAction\",\"target\":[\"https:\/\/vsbyggskruv.se\/no\/varemerken\/jetting-screws\/jetting-screws-sortimentskofferter\/\"]}]},{\"@type\":\"BreadcrumbList\",\"@id\":\"https:\/\/vsbyggskruv.se\/no\/varemerken\/jetting-screws\/jetting-screws-sortimentskofferter\/#breadcrumb\",\"itemListElement\":[{\"@type\":\"ListItem\",\"position\":1,\"name\":\"VSB\",\"item\":\"https:\/\/vsbyggskruv.se\/no\/\"},{\"@type\":\"ListItem\",\"position\":2,\"name\":\"Varemerken\",\"item\":\"https:\/\/vsbyggskruv.se\/no\/varemerken\/\"},{\"@type\":\"ListItem\",\"position\":3,\"name\":\"Jetting Screws\",\"item\":\"https:\/\/vsbyggskruv.se\/no\/varemerken\/jetting-screws\/\"},{\"@type\":\"ListItem\",\"position\":4,\"name\":\"Jetting Screws Sortimentskofferter\"}]},{\"@type\":\"WebSite\",\"@id\":\"https:\/\/vsbyggskruv.se\/no\/#website\",\"url\":\"https:\/\/vsbyggskruv.se\/no\/\",\"name\":\"V\u00e4stsvensk Byggskruv\",\"description\":\"V\u00e4stsvensk Byggskruv AB har spesialisert seg p\u00e5 skruer og innfesting\",\"publisher\":{\"@id\":\"https:\/\/vsbyggskruv.se\/no\/#organization\"},\"potentialAction\":[{\"@type\":\"SearchAction\",\"target\":{\"@type\":\"EntryPoint\",\"urlTemplate\":\"https:\/\/vsbyggskruv.se\/no\/?s={search_term_string}\"},\"query-input\":\"required name=search_term_string\"}],\"inLanguage\":\"nb-NO\"},{\"@type\":\"Organization\",\"@id\":\"https:\/\/vsbyggskruv.se\/no\/#organization\",\"name\":\"V\u00e4stsvensk Byggskruv AB\",\"url\":\"https:\/\/vsbyggskruv.se\/no\/\",\"logo\":{\"@type\":\"ImageObject\",\"inLanguage\":\"nb-NO\",\"@id\":\"https:\/\/vsbyggskruv.se\/no\/#\/schema\/logo\/image\/\",\"url\":\"https:\/\/vsbyggskruv.se\/wp-content\/uploads\/2017\/05\/logo.png\",\"contentUrl\":\"https:\/\/vsbyggskruv.se\/wp-content\/uploads\/2017\/05\/logo.png\",\"width\":174,\"height\":75,\"caption\":\"V\u00e4stsvensk Byggskruv AB\"},\"image\":{\"@id\":\"https:\/\/vsbyggskruv.se\/no\/#\/schema\/logo\/image\/\"}}]}<\/script>\n<!-- \/ Yoast SEO plugin. -->","yoast_head_json":{"title":"Jetting Screws Sortimentskofferter - V\u00e4stsvensk Byggskruv","robots":{"index":"index","follow":"follow","max-snippet":"max-snippet:-1","max-image-preview":"max-image-preview:large","max-video-preview":"max-video-preview:-1"},"canonical":"https:\/\/vsbyggskruv.se\/no\/varemerken\/jetting-screws\/jetting-screws-sortimentskofferter\/","og_locale":"nb_NO","og_type":"article","og_title":"Jetting Screws Sortimentskofferter - V\u00e4stsvensk Byggskruv","og_description":"Jetting Screws sortimentskofferter. I v\u00e5re tre sortimentskofferter finner du et gjennomtenkt og tilpasset skruesortiment slik at du alltid kan ha riktig skrue til riktig form\u00e5l. Sortimentskoffertene har en solid l\u00e5sbar [&hellip;]","og_url":"https:\/\/vsbyggskruv.se\/no\/varemerken\/jetting-screws\/jetting-screws-sortimentskofferter\/","og_site_name":"V\u00e4stsvensk Byggskruv","article_modified_time":"2023-04-11T12:21:08+00:00","og_image":[{"url":"https:\/\/vsbyggskruv.se\/wp-content\/uploads\/2017\/06\/jettingscrew-sample01.jpg"}],"twitter_card":"summary_large_image","twitter_misc":{"Ansl. lesetid":"2 minutter"},"schema":{"@context":"https:\/\/schema.org","@graph":[{"@type":"WebPage","@id":"https:\/\/vsbyggskruv.se\/no\/varemerken\/jetting-screws\/jetting-screws-sortimentskofferter\/","url":"https:\/\/vsbyggskruv.se\/no\/varemerken\/jetting-screws\/jetting-screws-sortimentskofferter\/","name":"Jetting Screws Sortimentskofferter - V\u00e4stsvensk Byggskruv","isPartOf":{"@id":"https:\/\/vsbyggskruv.se\/no\/#website"},"datePublished":"2017-11-07T10:14:12+00:00","dateModified":"2023-04-11T12:21:08+00:00","breadcrumb":{"@id":"https:\/\/vsbyggskruv.se\/no\/varemerken\/jetting-screws\/jetting-screws-sortimentskofferter\/#breadcrumb"},"inLanguage":"nb-NO","potentialAction":[{"@type":"ReadAction","target":["https:\/\/vsbyggskruv.se\/no\/varemerken\/jetting-screws\/jetting-screws-sortimentskofferter\/"]}]},{"@type":"BreadcrumbList","@id":"https:\/\/vsbyggskruv.se\/no\/varemerken\/jetting-screws\/jetting-screws-sortimentskofferter\/#breadcrumb","itemListElement":[{"@type":"ListItem","position":1,"name":"VSB","item":"https:\/\/vsbyggskruv.se\/no\/"},{"@type":"ListItem","position":2,"name":"Varemerken","item":"https:\/\/vsbyggskruv.se\/no\/varemerken\/"},{"@type":"ListItem","position":3,"name":"Jetting Screws","item":"https:\/\/vsbyggskruv.se\/no\/varemerken\/jetting-screws\/"},{"@type":"ListItem","position":4,"name":"Jetting Screws Sortimentskofferter"}]},{"@type":"WebSite","@id":"https:\/\/vsbyggskruv.se\/no\/#website","url":"https:\/\/vsbyggskruv.se\/no\/","name":"V\u00e4stsvensk Byggskruv","description":"V\u00e4stsvensk Byggskruv AB har spesialisert seg p\u00e5 skruer og innfesting","publisher":{"@id":"https:\/\/vsbyggskruv.se\/no\/#organization"},"potentialAction":[{"@type":"SearchAction","target":{"@type":"EntryPoint","urlTemplate":"https:\/\/vsbyggskruv.se\/no\/?s={search_term_string}"},"query-input":"required name=search_term_string"}],"inLanguage":"nb-NO"},{"@type":"Organization","@id":"https:\/\/vsbyggskruv.se\/no\/#organization","name":"V\u00e4stsvensk Byggskruv AB","url":"https:\/\/vsbyggskruv.se\/no\/","logo":{"@type":"ImageObject","inLanguage":"nb-NO","@id":"https:\/\/vsbyggskruv.se\/no\/#\/schema\/logo\/image\/","url":"https:\/\/vsbyggskruv.se\/wp-content\/uploads\/2017\/05\/logo.png","contentUrl":"https:\/\/vsbyggskruv.se\/wp-content\/uploads\/2017\/05\/logo.png","width":174,"height":75,"caption":"V\u00e4stsvensk Byggskruv AB"},"image":{"@id":"https:\/\/vsbyggskruv.se\/no\/#\/schema\/logo\/image\/"}}]}},"_links":{"self":[{"href":"https:\/\/vsbyggskruv.se\/no\/wp-json\/wp\/v2\/pages\/7172"}],"collection":[{"href":"https:\/\/vsbyggskruv.se\/no\/wp-json\/wp\/v2\/pages"}],"about":[{"href":"https:\/\/vsbyggskruv.se\/no\/wp-json\/wp\/v2\/types\/page"}],"author":[{"embeddable":true,"href":"https:\/\/vsbyggskruv.se\/no\/wp-json\/wp\/v2\/users\/1"}],"replies":[{"embeddable":true,"href":"https:\/\/vsbyggskruv.se\/no\/wp-json\/wp\/v2\/comments?post=7172"}],"version-history":[{"count":5,"href":"https:\/\/vsbyggskruv.se\/no\/wp-json\/wp\/v2\/pages\/7172\/revisions"}],"predecessor-version":[{"id":7637,"href":"https:\/\/vsbyggskruv.se\/no\/wp-json\/wp\/v2\/pages\/7172\/revisions\/7637"}],"up":[{"embeddable":true,"href":"https:\/\/vsbyggskruv.se\/no\/wp-json\/wp\/v2\/pages\/7095"}],"wp:attachment":[{"href":"https:\/\/vsbyggskruv.se\/no\/wp-json\/wp\/v2\/media?parent=7172"}],"curies":[{"name":"wp","href":"https:\/\/api.w.org\/{rel}","templated":true}]}}