{"id":7198,"date":"2017-11-24T09:16:34","date_gmt":"2017-11-24T08:16:34","guid":{"rendered":"https:\/\/vsbyggskruv.se\/varemerken\/turbo-terrasseskrue\/turbo-trallskruv-rostfri-a2\/"},"modified":"2023-04-11T14:31:13","modified_gmt":"2023-04-11T12:31:13","slug":"turbo-trallskruv-rustfri-a2","status":"publish","type":"page","link":"https:\/\/vsbyggskruv.se\/no\/varemerken\/turbo-trallskruv\/turbo-trallskruv-rustfri-a2\/","title":{"rendered":"Turbo Trallskruv Rustfri A2"},"content":{"rendered":"<h2>Turbo\u00a0Trallskruv Rustfri A2 er lagd av rustfritt st\u00e5l for \u00e5 t\u00e5le store p\u00e5kjenninger i ublide milj\u00f8er.<\/h2>\n<p>Skarp spiss og gjenger tilpasset forankring i treverk. Gjengene tar umiddelbart og trekker skruen inn i bordet, samtidig som rillene under hodet forsenker skruen. Egner seg til montering av terrasser, altaner, gjerder m.m. Skruens unike innskruingsegenskaper er oppn\u00e5dd ved \u00e5 utstyre skruene med en skj\u00e6rende borspiss, samt skr\u00e5stilte og langsg\u00e5ende skj\u00e6r mellom gjengene. Dette gir f\u00f8lgende egenskaper:<\/p>\n<ul>\n<li>Redusert risiko for sprekker i tre<\/li>\n<li>Lavere moment ved tiltrekking<\/li>\n<li>Redusert innskruingstid<\/li>\n<\/ul>\n<p><img loading=\"lazy\" decoding=\"async\" class=\"alignnone size-full wp-image-1480\" src=\"https:\/\/vsbyggskruv.se\/wp-content\/uploads\/2023\/02\/TurboTrall_A2Rostfri_Norsk.png\" alt=\"\" width=\"646\" height=\"835\" \/><\/p>\n","protected":false},"excerpt":{"rendered":"<p>Turbo\u00a0Trallskruv Rustfri A2 er lagd av rustfritt st\u00e5l for \u00e5 t\u00e5le store p\u00e5kjenninger i ublide milj\u00f8er. Skarp spiss og gjenger tilpasset forankring i treverk. Gjengene tar umiddelbart og trekker skruen [&hellip;]<\/p>\n","protected":false},"author":1,"featured_media":0,"parent":7111,"menu_order":0,"comment_status":"closed","ping_status":"closed","template":"page-tpl-turbo-detail.php","meta":{"footnotes":""},"acf":[],"yoast_head":"<!-- This site is optimized with the Yoast SEO plugin v21.9.1 - https:\/\/yoast.com\/wordpress\/plugins\/seo\/ -->\n<title>Turbo Trallskruv Rustfri A2 - V\u00e4stsvensk Byggskruv<\/title>\n<meta name=\"robots\" content=\"index, follow, max-snippet:-1, max-image-preview:large, max-video-preview:-1\" \/>\n<link rel=\"canonical\" href=\"https:\/\/vsbyggskruv.se\/no\/varemerken\/turbo-trallskruv\/turbo-trallskruv-rustfri-a2\/\" \/>\n<meta property=\"og:locale\" content=\"nb_NO\" \/>\n<meta property=\"og:type\" content=\"article\" \/>\n<meta property=\"og:title\" content=\"Turbo Trallskruv Rustfri A2 - V\u00e4stsvensk Byggskruv\" \/>\n<meta property=\"og:description\" content=\"Turbo\u00a0Trallskruv Rustfri A2 er lagd av rustfritt st\u00e5l for \u00e5 t\u00e5le store p\u00e5kjenninger i ublide milj\u00f8er. Skarp spiss og gjenger tilpasset forankring i treverk. Gjengene tar umiddelbart og trekker skruen [&hellip;]\" \/>\n<meta property=\"og:url\" content=\"https:\/\/vsbyggskruv.se\/no\/varemerken\/turbo-trallskruv\/turbo-trallskruv-rustfri-a2\/\" \/>\n<meta property=\"og:site_name\" content=\"V\u00e4stsvensk Byggskruv\" \/>\n<meta property=\"article:modified_time\" content=\"2023-04-11T12:31:13+00:00\" \/>\n<meta property=\"og:image\" content=\"https:\/\/vsbyggskruv.se\/wp-content\/uploads\/2023\/02\/TurboTrall_A2Rostfri_Norsk.png\" \/>\n<meta name=\"twitter:card\" content=\"summary_large_image\" \/>\n<meta name=\"twitter:label1\" content=\"Ansl. lesetid\" \/>\n\t<meta name=\"twitter:data1\" content=\"1 minutt\" \/>\n<script type=\"application\/ld+json\" class=\"yoast-schema-graph\">{\"@context\":\"https:\/\/schema.org\",\"@graph\":[{\"@type\":\"WebPage\",\"@id\":\"https:\/\/vsbyggskruv.se\/no\/varemerken\/turbo-trallskruv\/turbo-trallskruv-rustfri-a2\/\",\"url\":\"https:\/\/vsbyggskruv.se\/no\/varemerken\/turbo-trallskruv\/turbo-trallskruv-rustfri-a2\/\",\"name\":\"Turbo Trallskruv Rustfri A2 - V\u00e4stsvensk Byggskruv\",\"isPartOf\":{\"@id\":\"https:\/\/vsbyggskruv.se\/no\/#website\"},\"datePublished\":\"2017-11-24T08:16:34+00:00\",\"dateModified\":\"2023-04-11T12:31:13+00:00\",\"breadcrumb\":{\"@id\":\"https:\/\/vsbyggskruv.se\/no\/varemerken\/turbo-trallskruv\/turbo-trallskruv-rustfri-a2\/#breadcrumb\"},\"inLanguage\":\"nb-NO\",\"potentialAction\":[{\"@type\":\"ReadAction\",\"target\":[\"https:\/\/vsbyggskruv.se\/no\/varemerken\/turbo-trallskruv\/turbo-trallskruv-rustfri-a2\/\"]}]},{\"@type\":\"BreadcrumbList\",\"@id\":\"https:\/\/vsbyggskruv.se\/no\/varemerken\/turbo-trallskruv\/turbo-trallskruv-rustfri-a2\/#breadcrumb\",\"itemListElement\":[{\"@type\":\"ListItem\",\"position\":1,\"name\":\"VSB\",\"item\":\"https:\/\/vsbyggskruv.se\/no\/\"},{\"@type\":\"ListItem\",\"position\":2,\"name\":\"Varemerken\",\"item\":\"https:\/\/vsbyggskruv.se\/no\/varemerken\/\"},{\"@type\":\"ListItem\",\"position\":3,\"name\":\"Turbo Trallskruv\",\"item\":\"https:\/\/vsbyggskruv.se\/no\/varemerken\/turbo-trallskruv\/\"},{\"@type\":\"ListItem\",\"position\":4,\"name\":\"Turbo Trallskruv Rustfri A2\"}]},{\"@type\":\"WebSite\",\"@id\":\"https:\/\/vsbyggskruv.se\/no\/#website\",\"url\":\"https:\/\/vsbyggskruv.se\/no\/\",\"name\":\"V\u00e4stsvensk Byggskruv\",\"description\":\"V\u00e4stsvensk Byggskruv AB har spesialisert seg p\u00e5 skruer og innfesting\",\"publisher\":{\"@id\":\"https:\/\/vsbyggskruv.se\/no\/#organization\"},\"potentialAction\":[{\"@type\":\"SearchAction\",\"target\":{\"@type\":\"EntryPoint\",\"urlTemplate\":\"https:\/\/vsbyggskruv.se\/no\/?s={search_term_string}\"},\"query-input\":\"required name=search_term_string\"}],\"inLanguage\":\"nb-NO\"},{\"@type\":\"Organization\",\"@id\":\"https:\/\/vsbyggskruv.se\/no\/#organization\",\"name\":\"V\u00e4stsvensk Byggskruv AB\",\"url\":\"https:\/\/vsbyggskruv.se\/no\/\",\"logo\":{\"@type\":\"ImageObject\",\"inLanguage\":\"nb-NO\",\"@id\":\"https:\/\/vsbyggskruv.se\/no\/#\/schema\/logo\/image\/\",\"url\":\"https:\/\/vsbyggskruv.se\/wp-content\/uploads\/2017\/05\/logo.png\",\"contentUrl\":\"https:\/\/vsbyggskruv.se\/wp-content\/uploads\/2017\/05\/logo.png\",\"width\":174,\"height\":75,\"caption\":\"V\u00e4stsvensk Byggskruv AB\"},\"image\":{\"@id\":\"https:\/\/vsbyggskruv.se\/no\/#\/schema\/logo\/image\/\"}}]}<\/script>\n<!-- \/ Yoast SEO plugin. -->","yoast_head_json":{"title":"Turbo Trallskruv Rustfri A2 - V\u00e4stsvensk Byggskruv","robots":{"index":"index","follow":"follow","max-snippet":"max-snippet:-1","max-image-preview":"max-image-preview:large","max-video-preview":"max-video-preview:-1"},"canonical":"https:\/\/vsbyggskruv.se\/no\/varemerken\/turbo-trallskruv\/turbo-trallskruv-rustfri-a2\/","og_locale":"nb_NO","og_type":"article","og_title":"Turbo Trallskruv Rustfri A2 - V\u00e4stsvensk Byggskruv","og_description":"Turbo\u00a0Trallskruv Rustfri A2 er lagd av rustfritt st\u00e5l for \u00e5 t\u00e5le store p\u00e5kjenninger i ublide milj\u00f8er. Skarp spiss og gjenger tilpasset forankring i treverk. Gjengene tar umiddelbart og trekker skruen [&hellip;]","og_url":"https:\/\/vsbyggskruv.se\/no\/varemerken\/turbo-trallskruv\/turbo-trallskruv-rustfri-a2\/","og_site_name":"V\u00e4stsvensk Byggskruv","article_modified_time":"2023-04-11T12:31:13+00:00","og_image":[{"url":"https:\/\/vsbyggskruv.se\/wp-content\/uploads\/2023\/02\/TurboTrall_A2Rostfri_Norsk.png"}],"twitter_card":"summary_large_image","twitter_misc":{"Ansl. lesetid":"1 minutt"},"schema":{"@context":"https:\/\/schema.org","@graph":[{"@type":"WebPage","@id":"https:\/\/vsbyggskruv.se\/no\/varemerken\/turbo-trallskruv\/turbo-trallskruv-rustfri-a2\/","url":"https:\/\/vsbyggskruv.se\/no\/varemerken\/turbo-trallskruv\/turbo-trallskruv-rustfri-a2\/","name":"Turbo Trallskruv Rustfri A2 - V\u00e4stsvensk Byggskruv","isPartOf":{"@id":"https:\/\/vsbyggskruv.se\/no\/#website"},"datePublished":"2017-11-24T08:16:34+00:00","dateModified":"2023-04-11T12:31:13+00:00","breadcrumb":{"@id":"https:\/\/vsbyggskruv.se\/no\/varemerken\/turbo-trallskruv\/turbo-trallskruv-rustfri-a2\/#breadcrumb"},"inLanguage":"nb-NO","potentialAction":[{"@type":"ReadAction","target":["https:\/\/vsbyggskruv.se\/no\/varemerken\/turbo-trallskruv\/turbo-trallskruv-rustfri-a2\/"]}]},{"@type":"BreadcrumbList","@id":"https:\/\/vsbyggskruv.se\/no\/varemerken\/turbo-trallskruv\/turbo-trallskruv-rustfri-a2\/#breadcrumb","itemListElement":[{"@type":"ListItem","position":1,"name":"VSB","item":"https:\/\/vsbyggskruv.se\/no\/"},{"@type":"ListItem","position":2,"name":"Varemerken","item":"https:\/\/vsbyggskruv.se\/no\/varemerken\/"},{"@type":"ListItem","position":3,"name":"Turbo Trallskruv","item":"https:\/\/vsbyggskruv.se\/no\/varemerken\/turbo-trallskruv\/"},{"@type":"ListItem","position":4,"name":"Turbo Trallskruv Rustfri A2"}]},{"@type":"WebSite","@id":"https:\/\/vsbyggskruv.se\/no\/#website","url":"https:\/\/vsbyggskruv.se\/no\/","name":"V\u00e4stsvensk Byggskruv","description":"V\u00e4stsvensk Byggskruv AB har spesialisert seg p\u00e5 skruer og innfesting","publisher":{"@id":"https:\/\/vsbyggskruv.se\/no\/#organization"},"potentialAction":[{"@type":"SearchAction","target":{"@type":"EntryPoint","urlTemplate":"https:\/\/vsbyggskruv.se\/no\/?s={search_term_string}"},"query-input":"required name=search_term_string"}],"inLanguage":"nb-NO"},{"@type":"Organization","@id":"https:\/\/vsbyggskruv.se\/no\/#organization","name":"V\u00e4stsvensk Byggskruv AB","url":"https:\/\/vsbyggskruv.se\/no\/","logo":{"@type":"ImageObject","inLanguage":"nb-NO","@id":"https:\/\/vsbyggskruv.se\/no\/#\/schema\/logo\/image\/","url":"https:\/\/vsbyggskruv.se\/wp-content\/uploads\/2017\/05\/logo.png","contentUrl":"https:\/\/vsbyggskruv.se\/wp-content\/uploads\/2017\/05\/logo.png","width":174,"height":75,"caption":"V\u00e4stsvensk Byggskruv AB"},"image":{"@id":"https:\/\/vsbyggskruv.se\/no\/#\/schema\/logo\/image\/"}}]}},"_links":{"self":[{"href":"https:\/\/vsbyggskruv.se\/no\/wp-json\/wp\/v2\/pages\/7198"}],"collection":[{"href":"https:\/\/vsbyggskruv.se\/no\/wp-json\/wp\/v2\/pages"}],"about":[{"href":"https:\/\/vsbyggskruv.se\/no\/wp-json\/wp\/v2\/types\/page"}],"author":[{"embeddable":true,"href":"https:\/\/vsbyggskruv.se\/no\/wp-json\/wp\/v2\/users\/1"}],"replies":[{"embeddable":true,"href":"https:\/\/vsbyggskruv.se\/no\/wp-json\/wp\/v2\/comments?post=7198"}],"version-history":[{"count":6,"href":"https:\/\/vsbyggskruv.se\/no\/wp-json\/wp\/v2\/pages\/7198\/revisions"}],"predecessor-version":[{"id":7656,"href":"https:\/\/vsbyggskruv.se\/no\/wp-json\/wp\/v2\/pages\/7198\/revisions\/7656"}],"up":[{"embeddable":true,"href":"https:\/\/vsbyggskruv.se\/no\/wp-json\/wp\/v2\/pages\/7111"}],"wp:attachment":[{"href":"https:\/\/vsbyggskruv.se\/no\/wp-json\/wp\/v2\/media?parent=7198"}],"curies":[{"name":"wp","href":"https:\/\/api.w.org\/{rel}","templated":true}]}}