{"id":8603,"date":"2024-08-19T12:01:49","date_gmt":"2024-08-19T10:01:49","guid":{"rendered":"https:\/\/vsbyggskruv.se\/varemerken\/thonic-special\/"},"modified":"2024-09-05T12:40:41","modified_gmt":"2024-09-05T10:40:41","slug":"thonic-spesial","status":"publish","type":"page","link":"https:\/\/vsbyggskruv.se\/no\/varemerken\/thonic-spesial\/","title":{"rendered":"Thonic Spesial"},"content":{"rendered":"<h2>Avlang eller bred. Rund eller trekantet. Knallr\u00f8d eller kanskje l\u00e5sbar? Thonic Spesial er en inspeksjonsluke som f\u00e5s i mange ulike utf\u00f8relser. Ja, egentlig uendelig mange, ettersom den kan bestilles ut fra dine m\u00e5l, farger og tilbeh\u00f8r \u2013 p\u00e5 den m\u00e5ten f\u00e5r du nettopp den luken du \u00f8nsker.<\/h2>\n<p>Inspeksjonsluken kan f\u00e5s b\u00e5de innfelt og utenp\u00e5liggende. Med ulike l\u00e5smodeller og tilbeh\u00f8r. V\u00e5r fleksibilitet gj\u00f8r det mulig \u00e5 produsere luker i de fleste format og farger. Lukene har utmerket passform og f\u00f8rsteklasses overflatebehandling. <\/p>\n","protected":false},"excerpt":{"rendered":"<p>Avlang eller bred. Rund eller trekantet. Knallr\u00f8d eller kanskje l\u00e5sbar? Thonic Spesial er en inspeksjonsluke som f\u00e5s i mange ulike utf\u00f8relser. Ja, egentlig uendelig mange, ettersom den kan bestilles ut [&hellip;]<\/p>\n","protected":false},"author":1,"featured_media":0,"parent":7066,"menu_order":0,"comment_status":"closed","ping_status":"closed","template":"page-tpl-thonic-special.php","meta":{"footnotes":""},"acf":[],"yoast_head":"<!-- This site is optimized with the Yoast SEO plugin v21.9.1 - https:\/\/yoast.com\/wordpress\/plugins\/seo\/ -->\n<title>Thonic Spesial - V\u00e4stsvensk Byggskruv<\/title>\n<meta name=\"robots\" content=\"index, follow, max-snippet:-1, max-image-preview:large, max-video-preview:-1\" \/>\n<link rel=\"canonical\" href=\"https:\/\/vsbyggskruv.se\/no\/varemerken\/thonic-spesial\/\" \/>\n<meta property=\"og:locale\" content=\"nb_NO\" \/>\n<meta property=\"og:type\" content=\"article\" \/>\n<meta property=\"og:title\" content=\"Thonic Spesial - V\u00e4stsvensk Byggskruv\" \/>\n<meta property=\"og:description\" content=\"Avlang eller bred. Rund eller trekantet. Knallr\u00f8d eller kanskje l\u00e5sbar? Thonic Spesial er en inspeksjonsluke som f\u00e5s i mange ulike utf\u00f8relser. Ja, egentlig uendelig mange, ettersom den kan bestilles ut [&hellip;]\" \/>\n<meta property=\"og:url\" content=\"https:\/\/vsbyggskruv.se\/no\/varemerken\/thonic-spesial\/\" \/>\n<meta property=\"og:site_name\" content=\"V\u00e4stsvensk Byggskruv\" \/>\n<meta property=\"article:modified_time\" content=\"2024-09-05T10:40:41+00:00\" \/>\n<meta name=\"twitter:card\" content=\"summary_large_image\" \/>\n<script type=\"application\/ld+json\" class=\"yoast-schema-graph\">{\"@context\":\"https:\/\/schema.org\",\"@graph\":[{\"@type\":\"WebPage\",\"@id\":\"https:\/\/vsbyggskruv.se\/no\/varemerken\/thonic-spesial\/\",\"url\":\"https:\/\/vsbyggskruv.se\/no\/varemerken\/thonic-spesial\/\",\"name\":\"Thonic Spesial - V\u00e4stsvensk Byggskruv\",\"isPartOf\":{\"@id\":\"https:\/\/vsbyggskruv.se\/no\/#website\"},\"datePublished\":\"2024-08-19T10:01:49+00:00\",\"dateModified\":\"2024-09-05T10:40:41+00:00\",\"breadcrumb\":{\"@id\":\"https:\/\/vsbyggskruv.se\/no\/varemerken\/thonic-spesial\/#breadcrumb\"},\"inLanguage\":\"nb-NO\",\"potentialAction\":[{\"@type\":\"ReadAction\",\"target\":[\"https:\/\/vsbyggskruv.se\/no\/varemerken\/thonic-spesial\/\"]}]},{\"@type\":\"BreadcrumbList\",\"@id\":\"https:\/\/vsbyggskruv.se\/no\/varemerken\/thonic-spesial\/#breadcrumb\",\"itemListElement\":[{\"@type\":\"ListItem\",\"position\":1,\"name\":\"VSB\",\"item\":\"https:\/\/vsbyggskruv.se\/no\/\"},{\"@type\":\"ListItem\",\"position\":2,\"name\":\"Varemerken\",\"item\":\"https:\/\/vsbyggskruv.se\/no\/varemerken\/\"},{\"@type\":\"ListItem\",\"position\":3,\"name\":\"Thonic Spesial\"}]},{\"@type\":\"WebSite\",\"@id\":\"https:\/\/vsbyggskruv.se\/no\/#website\",\"url\":\"https:\/\/vsbyggskruv.se\/no\/\",\"name\":\"V\u00e4stsvensk Byggskruv\",\"description\":\"V\u00e4stsvensk Byggskruv AB har spesialisert seg p\u00e5 skruer og innfesting\",\"publisher\":{\"@id\":\"https:\/\/vsbyggskruv.se\/no\/#organization\"},\"potentialAction\":[{\"@type\":\"SearchAction\",\"target\":{\"@type\":\"EntryPoint\",\"urlTemplate\":\"https:\/\/vsbyggskruv.se\/no\/?s={search_term_string}\"},\"query-input\":\"required name=search_term_string\"}],\"inLanguage\":\"nb-NO\"},{\"@type\":\"Organization\",\"@id\":\"https:\/\/vsbyggskruv.se\/no\/#organization\",\"name\":\"V\u00e4stsvensk Byggskruv AB\",\"url\":\"https:\/\/vsbyggskruv.se\/no\/\",\"logo\":{\"@type\":\"ImageObject\",\"inLanguage\":\"nb-NO\",\"@id\":\"https:\/\/vsbyggskruv.se\/no\/#\/schema\/logo\/image\/\",\"url\":\"https:\/\/vsbyggskruv.se\/wp-content\/uploads\/2017\/05\/logo.png\",\"contentUrl\":\"https:\/\/vsbyggskruv.se\/wp-content\/uploads\/2017\/05\/logo.png\",\"width\":174,\"height\":75,\"caption\":\"V\u00e4stsvensk Byggskruv AB\"},\"image\":{\"@id\":\"https:\/\/vsbyggskruv.se\/no\/#\/schema\/logo\/image\/\"}}]}<\/script>\n<!-- \/ Yoast SEO plugin. -->","yoast_head_json":{"title":"Thonic Spesial - V\u00e4stsvensk Byggskruv","robots":{"index":"index","follow":"follow","max-snippet":"max-snippet:-1","max-image-preview":"max-image-preview:large","max-video-preview":"max-video-preview:-1"},"canonical":"https:\/\/vsbyggskruv.se\/no\/varemerken\/thonic-spesial\/","og_locale":"nb_NO","og_type":"article","og_title":"Thonic Spesial - V\u00e4stsvensk Byggskruv","og_description":"Avlang eller bred. Rund eller trekantet. Knallr\u00f8d eller kanskje l\u00e5sbar? Thonic Spesial er en inspeksjonsluke som f\u00e5s i mange ulike utf\u00f8relser. Ja, egentlig uendelig mange, ettersom den kan bestilles ut [&hellip;]","og_url":"https:\/\/vsbyggskruv.se\/no\/varemerken\/thonic-spesial\/","og_site_name":"V\u00e4stsvensk Byggskruv","article_modified_time":"2024-09-05T10:40:41+00:00","twitter_card":"summary_large_image","schema":{"@context":"https:\/\/schema.org","@graph":[{"@type":"WebPage","@id":"https:\/\/vsbyggskruv.se\/no\/varemerken\/thonic-spesial\/","url":"https:\/\/vsbyggskruv.se\/no\/varemerken\/thonic-spesial\/","name":"Thonic Spesial - V\u00e4stsvensk Byggskruv","isPartOf":{"@id":"https:\/\/vsbyggskruv.se\/no\/#website"},"datePublished":"2024-08-19T10:01:49+00:00","dateModified":"2024-09-05T10:40:41+00:00","breadcrumb":{"@id":"https:\/\/vsbyggskruv.se\/no\/varemerken\/thonic-spesial\/#breadcrumb"},"inLanguage":"nb-NO","potentialAction":[{"@type":"ReadAction","target":["https:\/\/vsbyggskruv.se\/no\/varemerken\/thonic-spesial\/"]}]},{"@type":"BreadcrumbList","@id":"https:\/\/vsbyggskruv.se\/no\/varemerken\/thonic-spesial\/#breadcrumb","itemListElement":[{"@type":"ListItem","position":1,"name":"VSB","item":"https:\/\/vsbyggskruv.se\/no\/"},{"@type":"ListItem","position":2,"name":"Varemerken","item":"https:\/\/vsbyggskruv.se\/no\/varemerken\/"},{"@type":"ListItem","position":3,"name":"Thonic Spesial"}]},{"@type":"WebSite","@id":"https:\/\/vsbyggskruv.se\/no\/#website","url":"https:\/\/vsbyggskruv.se\/no\/","name":"V\u00e4stsvensk Byggskruv","description":"V\u00e4stsvensk Byggskruv AB har spesialisert seg p\u00e5 skruer og innfesting","publisher":{"@id":"https:\/\/vsbyggskruv.se\/no\/#organization"},"potentialAction":[{"@type":"SearchAction","target":{"@type":"EntryPoint","urlTemplate":"https:\/\/vsbyggskruv.se\/no\/?s={search_term_string}"},"query-input":"required name=search_term_string"}],"inLanguage":"nb-NO"},{"@type":"Organization","@id":"https:\/\/vsbyggskruv.se\/no\/#organization","name":"V\u00e4stsvensk Byggskruv AB","url":"https:\/\/vsbyggskruv.se\/no\/","logo":{"@type":"ImageObject","inLanguage":"nb-NO","@id":"https:\/\/vsbyggskruv.se\/no\/#\/schema\/logo\/image\/","url":"https:\/\/vsbyggskruv.se\/wp-content\/uploads\/2017\/05\/logo.png","contentUrl":"https:\/\/vsbyggskruv.se\/wp-content\/uploads\/2017\/05\/logo.png","width":174,"height":75,"caption":"V\u00e4stsvensk Byggskruv AB"},"image":{"@id":"https:\/\/vsbyggskruv.se\/no\/#\/schema\/logo\/image\/"}}]}},"_links":{"self":[{"href":"https:\/\/vsbyggskruv.se\/no\/wp-json\/wp\/v2\/pages\/8603"}],"collection":[{"href":"https:\/\/vsbyggskruv.se\/no\/wp-json\/wp\/v2\/pages"}],"about":[{"href":"https:\/\/vsbyggskruv.se\/no\/wp-json\/wp\/v2\/types\/page"}],"author":[{"embeddable":true,"href":"https:\/\/vsbyggskruv.se\/no\/wp-json\/wp\/v2\/users\/1"}],"replies":[{"embeddable":true,"href":"https:\/\/vsbyggskruv.se\/no\/wp-json\/wp\/v2\/comments?post=8603"}],"version-history":[{"count":6,"href":"https:\/\/vsbyggskruv.se\/no\/wp-json\/wp\/v2\/pages\/8603\/revisions"}],"predecessor-version":[{"id":8723,"href":"https:\/\/vsbyggskruv.se\/no\/wp-json\/wp\/v2\/pages\/8603\/revisions\/8723"}],"up":[{"embeddable":true,"href":"https:\/\/vsbyggskruv.se\/no\/wp-json\/wp\/v2\/pages\/7066"}],"wp:attachment":[{"href":"https:\/\/vsbyggskruv.se\/no\/wp-json\/wp\/v2\/media?parent=8603"}],"curies":[{"name":"wp","href":"https:\/\/api.w.org\/{rel}","templated":true}]}}